{"id":1368,"date":"2021-06-01T10:43:10","date_gmt":"2021-06-01T07:43:10","guid":{"rendered":"https:\/\/valituvanlomamokit.fi\/keltainen-moekki\/"},"modified":"2026-04-23T10:51:33","modified_gmt":"2026-04-23T07:51:33","slug":"gelbes-ferienhaus","status":"publish","type":"page","link":"https:\/\/valituvanlomamokit.fi\/de\/gelbes-ferienhaus\/","title":{"rendered":"Gelbes Ferienhaus"},"content":{"rendered":"<h1>Gelbes Ferienhaus<\/h1>\n<div>\n<p>    <!-- BEGIN Moder Booking Widget --><\/p>\n<div id=\"moder-embed\"><\/div>\n<p><script>\n    var ModerSettings = {\n        property: \"valituvan-lomamokit\",\n        roomTypeId: 5199\n    };\n<\/script><\/p>\n<p><script src=\"https:\/\/moder-embeds-dev.s3.eu-north-1.amazonaws.com\/bundle.js\" defer><\/script><br \/>\n<!-- END Moder Booking Widget --><\/p>\n<\/div>\n<ul>\n<li>\n<p>        <img decoding=\"async\" src=\"\/wp-content\/uploads\/2024\/12\/keltainen-mokki-kesa-2024-2.jpg\" alt=\"\"><\/p>\n<h3>keltainen-mokki-kesa-2024-2<\/h3>\n<\/li>\n<li>\n<p>        <img decoding=\"async\" src=\"\/wp-content\/uploads\/2024\/12\/keltainen-mokki-kesa-2024-3.jpg\" alt=\"\"><\/p>\n<h3>keltainen-mokki-kesa-2024-3<\/h3>\n<\/li>\n<li>\n<p>        <img decoding=\"async\" src=\"\/wp-content\/uploads\/2024\/12\/keltainen-mokki-kesa-2024-4.jpg\" alt=\"\"><\/p>\n<h3>keltainen-mokki-kesa-2024-4<\/h3>\n<\/li>\n<li>\n<p>        <img decoding=\"async\" src=\"\/wp-content\/uploads\/2024\/12\/keltainen-mokki-kesa-2024-1.jpg\" alt=\"\"><\/p>\n<h3>keltainen-mokki-kesa-2024-1<\/h3>\n<\/li>\n<li>\n<p>        <img decoding=\"async\" src=\"\/wp-content\/uploads\/2021\/06\/keltainenmokki-terassi.jpg\" alt=\"\"><\/p>\n<h3>keltainenmokki-terassi<\/h3>\n<\/li>\n<li>\n<p>        <img decoding=\"async\" src=\"\/wp-content\/uploads\/2021\/06\/keltainenmokki-ruokailu.jpg\" alt=\"\"><\/p>\n<h3>keltainenmokki-ruokailu<\/h3>\n<\/li>\n<li>\n<p>        <img decoding=\"async\" src=\"\/wp-content\/uploads\/2021\/06\/keltainenmokki-oh2.jpg\" alt=\"\"><\/p>\n<h3>keltainenmokki-oh2<\/h3>\n<\/li>\n<li>\n<p>        <img decoding=\"async\" src=\"\/wp-content\/uploads\/2021\/06\/keltainenmokki-oh.jpg\" alt=\"\"><\/p>\n<h3>keltainenmokki-oh<\/h3>\n<\/li>\n<li>\n<p>        <img decoding=\"async\" src=\"\/wp-content\/uploads\/2021\/06\/keltainenmokki-keittio.jpg\" alt=\"\"><\/p>\n<h3>keltainenmokki-keittio<\/h3>\n<\/li>\n<li>\n<p>        <img decoding=\"async\" src=\"\/wp-content\/uploads\/2021\/06\/keltainenmokki-mh1.jpg\" alt=\"\"><\/p>\n<h3>keltainenmokki-mh1<\/h3>\n<\/li>\n<li>\n<p>        <img decoding=\"async\" src=\"\/wp-content\/uploads\/2021\/06\/keltainenmokki-mh.jpg\" alt=\"\"><\/p>\n<h3>keltainenmokki-mh<\/h3>\n<\/li>\n<li>\n<p>        <img decoding=\"async\" src=\"\/wp-content\/uploads\/2021\/06\/keltainenmokki-wc.jpg\" alt=\"\"><\/p>\n<h3>keltainenmokki-wc<\/h3>\n<\/li>\n<li>\n<p>        <img decoding=\"async\" src=\"\/wp-content\/uploads\/2021\/06\/keltainenmokki-pukuhuone.jpg\" alt=\"\"><\/p>\n<h3>keltainenmokki-pukuhuone<\/h3>\n<\/li>\n<li>\n<p>        <img decoding=\"async\" src=\"\/wp-content\/uploads\/2021\/06\/keltainenmokki-sauna.jpg\" alt=\"\"><\/p>\n<h3>keltainenmokki-sauna<\/h3>\n<\/li>\n<li>\n<p>        <img decoding=\"async\" src=\"\/wp-content\/uploads\/2021\/05\/valituvanmokit-laituri.jpg\" alt=\"\"><\/p>\n<h3>valituvanmokit-laituri<\/h3>\n<\/li>\n<\/ul>\n<div>\n<p>Im Jahr 2007 erbaute Blockvilla am Ufer des Sees mit einer Gesamtfl\u00e4che von 85 m2.<\/p>\n<ul>\n<li>2 Schlafzimmer f\u00fcr je zwei Personen, zus\u00e4tzlich ein Schlafsofa f\u00fcr zwei Personen<\/li>\n<li>Offenes Wohnzimmer mit Kamin<\/li>\n<li>Sauna, Waschraum und Ankleideraum<\/li>\n<li>WC<\/li>\n<li>drei Terrassen, Au\u00dfengrill<\/li>\n<li>\u00fcberdachter Autostellplatz<\/li>\n<li>Sandstrand, Steg und Ruderboot<\/li>\n<\/ul>\n<p><strong>Ausstattung<\/strong><\/p>\n<ul>\n<li>K\u00fchlschrank-Gefrierschrank<\/li>\n<li>Kaffeemaschine und Wasserkocher<\/li>\n<li>Mikrowellenherd<\/li>\n<li>Geschirrsp\u00fcler<\/li>\n<li>Herd und Ofen<\/li>\n<li>Toaster<\/li>\n<li>Waschmaschine, Trockenschrank und M\u00f6glichkeit zum B\u00fcgeln<\/li>\n<li>Luftw\u00e4rmepumpe zum Heizen und K\u00fchlen<\/li>\n<li>Wi-Fi, Fernseher, DVD<\/li>\n<\/ul>\n<\/div>\n<ul>\n<li>\n<p>\n        <a href=\"tel: +358503309933\">+358 50 3309 933<\/a>\n    <\/p>\n<\/li>\n<li>\n<p>\n        <a href=\"mailto:info@valituvanlomamokit.fi\">info@valituvanlomamokit.fi<\/a>\n    <\/p>\n<\/li>\n<\/ul>\n<p><!--more--><br \/>\n<!-- {\"type\":\"layout\",\"children\":[{\"type\":\"section\",\"props\":{\"id\":\"varaa\",\"image_position\":\"center-center\",\"padding_bottom\":\"small\",\"padding_top\":\"small\",\"style\":\"secondary\",\"title_breakpoint\":\"xl\",\"title_position\":\"top-left\",\"title_rotation\":\"left\",\"vertical_align\":\"middle\",\"width\":\"default\"},\"children\":[{\"type\":\"row\",\"children\":[{\"type\":\"column\",\"props\":{\"image_position\":\"center-center\",\"position_sticky_breakpoint\":\"m\"},\"children\":[{\"type\":\"headline\",\"props\":{\"content\":\"Gelbes Ferienhaus\",\"image_align\":\"left\",\"image_margin\":\"xsmall\",\"title_element\":\"h1\",\"title_style\":\"heading-small\"}},{\"type\":\"html\",\"props\":{\"content\":\"<!-- BEGIN Moder Booking Widget -->\\n<\/p>\n<div id=\\\"moder-embed\\\"><\/div>\n<p>\\n\\n<script>\\n    var ModerSettings = {\\n        property: \\\"valituvan-lomamokit\\\",\\n        roomTypeId: 5199\\n    };\\n<\/script>\\n\\n<script src=\\\"https:\/\/moder-embeds-dev.s3.eu-north-1.amazonaws.com\/bundle.js\\\" defer><\/script>\\n<!-- END Moder Booking Widget -->\\n&#8220;}}]}]}],&#8220;name&#8220;:&#8220;varauskalenteriosio vihre\u00e4&#8220;},{&#8222;type&#8220;:&#8220;section&#8220;,&#8220;props&#8220;:{&#8222;image_position&#8220;:&#8220;center-center&#8220;,&#8220;style&#8220;:&#8220;default&#8220;,&#8220;title_breakpoint&#8220;:&#8220;xl&#8220;,&#8220;title_position&#8220;:&#8220;top-left&#8220;,&#8220;title_rotation&#8220;:&#8220;left&#8220;,&#8220;vertical_align&#8220;:&#8220;&#8220;,&#8220;width&#8220;:&#8220;large&#8220;},&#8220;children&#8220;:[{&#8222;type&#8220;:&#8220;row&#8220;,&#8220;props&#8220;:{&#8222;layout&#8220;:&#8220;2-5,3-5&#8243;},&#8220;children&#8220;:[{&#8222;type&#8220;:&#8220;column&#8220;,&#8220;props&#8220;:{&#8222;image_position&#8220;:&#8220;center-center&#8220;,&#8220;position_sticky_breakpoint&#8220;:&#8220;m&#8220;,&#8220;width_medium&#8220;:&#8220;2-5&#8243;},&#8220;children&#8220;:[{&#8222;type&#8220;:&#8220;slideshow&#8220;,&#8220;props&#8220;:{&#8222;link_style&#8220;:&#8220;default&#8220;,&#8220;link_text&#8220;:&#8220;Read more&#8220;,&#8220;margin_bottom&#8220;:&#8220;default&#8220;,&#8220;margin_top&#8220;:&#8220;default&#8220;,&#8220;meta_align&#8220;:&#8220;below-title&#8220;,&#8220;meta_element&#8220;:&#8220;div&#8220;,&#8220;meta_style&#8220;:&#8220;text-meta&#8220;,&#8220;nav&#8220;:&#8220;thumbnav&#8220;,&#8220;nav_align&#8220;:&#8220;center&#8220;,&#8220;nav_below&#8220;:true,&#8220;nav_breakpoint&#8220;:&#8220;s&#8220;,&#8220;nav_margin&#8220;:&#8220;small&#8220;,&#8220;nav_position&#8220;:&#8220;bottom-center&#8220;,&#8220;nav_position_margin&#8220;:&#8220;medium&#8220;,&#8220;overlay_animation&#8220;:&#8220;parallax&#8220;,&#8220;overlay_position&#8220;:&#8220;center-left&#8220;,&#8220;show_content&#8220;:true,&#8220;show_link&#8220;:true,&#8220;show_meta&#8220;:false,&#8220;show_thumbnail&#8220;:true,&#8220;show_title&#8220;:false,&#8220;slidenav&#8220;:&#8220;top-right&#8220;,&#8220;slidenav_breakpoint&#8220;:&#8220;&#8220;,&#8220;slidenav_hover&#8220;:false,&#8220;slidenav_large&#8220;:false,&#8220;slidenav_margin&#8220;:&#8220;small&#8220;,&#8220;slidenav_outside_breakpoint&#8220;:&#8220;xl&#8220;,&#8220;slideshow_autoplay_pause&#8220;:true,&#8220;slideshow_max_height&#8220;:&#8220;800&#8243;,&#8220;slideshow_min_height&#8220;:300,&#8220;thumbnav_height&#8220;:&#8220;50&#8243;,&#8220;thumbnav_shrink&#8220;:false,&#8220;thumbnav_svg_color&#8220;:&#8220;emphasis&#8220;,&#8220;thumbnav_width&#8220;:&#8220;72&#8243;,&#8220;title_element&#8220;:&#8220;h3&#8243;,&#8220;title_hover_style&#8220;:&#8220;reset&#8220;},&#8220;children&#8220;:[{&#8222;type&#8220;:&#8220;slideshow_item&#8220;,&#8220;props&#8220;:{&#8222;image&#8220;:&#8220;wp-content\/uploads\/2024\/12\/keltainen-mokki-kesa-2024-2.jpg&#8220;,&#8220;title&#8220;:&#8220;keltainen-mokki-kesa-2024-2&#8243;}},{&#8222;type&#8220;:&#8220;slideshow_item&#8220;,&#8220;props&#8220;:{&#8222;image&#8220;:&#8220;wp-content\/uploads\/2024\/12\/keltainen-mokki-kesa-2024-3.jpg&#8220;,&#8220;title&#8220;:&#8220;keltainen-mokki-kesa-2024-3&#8243;}},{&#8222;type&#8220;:&#8220;slideshow_item&#8220;,&#8220;props&#8220;:{&#8222;image&#8220;:&#8220;wp-content\/uploads\/2024\/12\/keltainen-mokki-kesa-2024-4.jpg&#8220;,&#8220;title&#8220;:&#8220;keltainen-mokki-kesa-2024-4&#8243;}},{&#8222;type&#8220;:&#8220;slideshow_item&#8220;,&#8220;props&#8220;:{&#8222;image&#8220;:&#8220;wp-content\/uploads\/2024\/12\/keltainen-mokki-kesa-2024-1.jpg&#8220;,&#8220;title&#8220;:&#8220;keltainen-mokki-kesa-2024-1&#8243;}},{&#8222;type&#8220;:&#8220;slideshow_item&#8220;,&#8220;props&#8220;:{&#8222;image&#8220;:&#8220;wp-content\/uploads\/2021\/06\/keltainenmokki-terassi.jpg&#8220;,&#8220;title&#8220;:&#8220;keltainenmokki-terassi&#8220;}},{&#8222;type&#8220;:&#8220;slideshow_item&#8220;,&#8220;props&#8220;:{&#8222;image&#8220;:&#8220;wp-content\/uploads\/2021\/06\/keltainenmokki-ruokailu.jpg&#8220;,&#8220;title&#8220;:&#8220;keltainenmokki-ruokailu&#8220;}},{&#8222;type&#8220;:&#8220;slideshow_item&#8220;,&#8220;props&#8220;:{&#8222;image&#8220;:&#8220;wp-content\/uploads\/2021\/06\/keltainenmokki-oh2.jpg&#8220;,&#8220;title&#8220;:&#8220;keltainenmokki-oh2&#8243;}},{&#8222;type&#8220;:&#8220;slideshow_item&#8220;,&#8220;props&#8220;:{&#8222;image&#8220;:&#8220;wp-content\/uploads\/2021\/06\/keltainenmokki-oh.jpg&#8220;,&#8220;title&#8220;:&#8220;keltainenmokki-oh&#8220;}},{&#8222;type&#8220;:&#8220;slideshow_item&#8220;,&#8220;props&#8220;:{&#8222;image&#8220;:&#8220;wp-content\/uploads\/2021\/06\/keltainenmokki-keittio.jpg&#8220;,&#8220;title&#8220;:&#8220;keltainenmokki-keittio&#8220;}},{&#8222;type&#8220;:&#8220;slideshow_item&#8220;,&#8220;props&#8220;:{&#8222;image&#8220;:&#8220;wp-content\/uploads\/2021\/06\/keltainenmokki-mh1.jpg&#8220;,&#8220;title&#8220;:&#8220;keltainenmokki-mh1&#8243;}},{&#8222;type&#8220;:&#8220;slideshow_item&#8220;,&#8220;props&#8220;:{&#8222;image&#8220;:&#8220;wp-content\/uploads\/2021\/06\/keltainenmokki-mh.jpg&#8220;,&#8220;title&#8220;:&#8220;keltainenmokki-mh&#8220;}},{&#8222;type&#8220;:&#8220;slideshow_item&#8220;,&#8220;props&#8220;:{&#8222;image&#8220;:&#8220;wp-content\/uploads\/2021\/06\/keltainenmokki-wc.jpg&#8220;,&#8220;title&#8220;:&#8220;keltainenmokki-wc&#8220;}},{&#8222;type&#8220;:&#8220;slideshow_item&#8220;,&#8220;props&#8220;:{&#8222;image&#8220;:&#8220;wp-content\/uploads\/2021\/06\/keltainenmokki-pukuhuone.jpg&#8220;,&#8220;title&#8220;:&#8220;keltainenmokki-pukuhuone&#8220;}},{&#8222;type&#8220;:&#8220;slideshow_item&#8220;,&#8220;props&#8220;:{&#8222;image&#8220;:&#8220;wp-content\/uploads\/2021\/06\/keltainenmokki-sauna.jpg&#8220;,&#8220;title&#8220;:&#8220;keltainenmokki-sauna&#8220;}},{&#8222;type&#8220;:&#8220;slideshow_item&#8220;,&#8220;props&#8220;:{&#8222;image&#8220;:&#8220;wp-content\/uploads\/2021\/05\/valituvanmokit-laituri.jpg&#8220;,&#8220;title&#8220;:&#8220;valituvanmokit-laituri&#8220;}}]}]},{&#8222;type&#8220;:&#8220;column&#8220;,&#8220;props&#8220;:{&#8222;image_position&#8220;:&#8220;center-center&#8220;,&#8220;position_sticky_breakpoint&#8220;:&#8220;m&#8220;,&#8220;width_medium&#8220;:&#8220;3-5&#8243;},&#8220;children&#8220;:[{&#8222;type&#8220;:&#8220;text&#8220;,&#8220;props&#8220;:{&#8222;column_breakpoint&#8220;:&#8220;m&#8220;,&#8220;content&#8220;:&#8220;<\/p>\n<p>Im Jahr 2007 erbaute Blockvilla am Ufer des Sees mit einer Gesamtfl\u00e4che von 85 m2.<\/p>\n<p>\\n<\/p>\n<ul>\\n<\/p>\n<li>2 Schlafzimmer f\u00fcr je zwei Personen, zus\u00e4tzlich ein Schlafsofa f\u00fcr zwei Personen<\/li>\n<p>\\n<\/p>\n<li>Offenes Wohnzimmer mit Kamin<\/li>\n<p>\\n<\/p>\n<li>Sauna, Waschraum und Ankleideraum<\/li>\n<p>\\n<\/p>\n<li>WC<\/li>\n<p>\\n<\/p>\n<li>drei Terrassen, Au\u00dfengrill<\/li>\n<p>\\n<\/p>\n<li>\u00fcberdachter Autostellplatz<\/li>\n<p>\\n<\/p>\n<li>Sandstrand, Steg und Ruderboot<\/li>\n<p>\\n<\/ul>\n<p>\\n<\/p>\n<p><strong>Ausstattung<\/strong><\/p>\n<p>\\n<\/p>\n<ul>\\n<\/p>\n<li>K\u00fchlschrank-Gefrierschrank<\/li>\n<p>\\n<\/p>\n<li>Kaffeemaschine und Wasserkocher<\/li>\n<p>\\n<\/p>\n<li>Mikrowellenherd<\/li>\n<p>\\n<\/p>\n<li>Geschirrsp\u00fcler<\/li>\n<p>\\n<\/p>\n<li>Herd und Ofen<\/li>\n<p>\\n<\/p>\n<li>Toaster<\/li>\n<p>\\n<\/p>\n<li>Waschmaschine, Trockenschrank und M\u00f6glichkeit zum B\u00fcgeln<\/li>\n<p>\\n<\/p>\n<li>Luftw\u00e4rmepumpe zum Heizen und K\u00fchlen<\/li>\n<p>\\n<\/p>\n<li>Wi-Fi, Fernseher, DVD<\/li>\n<p>\\n<\/ul>\n<p>&#8222;,&#8220;margin_bottom&#8220;:&#8220;default&#8220;,&#8220;margin_top&#8220;:&#8220;default&#8220;}},{&#8222;type&#8220;:&#8220;button&#8220;,&#8220;props&#8220;:{&#8222;grid_column_gap&#8220;:&#8220;small&#8220;,&#8220;grid_row_gap&#8220;:&#8220;small&#8220;,&#8220;margin_bottom&#8220;:&#8220;default&#8220;,&#8220;margin_top&#8220;:&#8220;default&#8220;},&#8220;children&#8220;:[{&#8222;type&#8220;:&#8220;button_item&#8220;,&#8220;props&#8220;:{&#8222;button_style&#8220;:&#8220;default&#8220;,&#8220;content&#8220;:&#8220;+358 50 3309 933&#8243;,&#8220;dialog_layout&#8220;:&#8220;modal&#8220;,&#8220;dialog_offcanvas_flip&#8220;:true,&#8220;icon_align&#8220;:&#8220;left&#8220;,&#8220;link&#8220;:&#8220;tel: +358503309933&#8243;}},{&#8222;type&#8220;:&#8220;button_item&#8220;,&#8220;props&#8220;:{&#8222;button_style&#8220;:&#8220;default&#8220;,&#8220;content&#8220;:&#8220;info@valituvanlomamokit.fi&#8220;,&#8220;dialog_layout&#8220;:&#8220;modal&#8220;,&#8220;dialog_offcanvas_flip&#8220;:true,&#8220;icon_align&#8220;:&#8220;left&#8220;,&#8220;link&#8220;:&#8220;mailto:info@valituvanlomamokit.fi&#8220;}}],&#8220;name&#8220;:&#8220;puh ja email painikkeet3&#8243;}]}]}]}],&#8220;version&#8220;:&#8220;5.0.29&#8243;} &#8211;><\/p>\n","protected":false},"excerpt":{"rendered":"<p>Gelbes Ferienhaus keltainen-mokki-kesa-2024-2 keltainen-mokki-kesa-2024-3 keltainen-mokki-kesa-2024-4 keltainen-mokki-kesa-2024-1 keltainenmokki-terassi keltainenmokki-ruokailu keltainenmokki-oh2 keltainenmokki-oh keltainenmokki-keittio keltainenmokki-mh1 keltainenmokki-mh keltainenmokki-wc keltainenmokki-pukuhuone keltainenmokki-sauna valituvanmokit-laituri Im Jahr 2007 erbaute Blockvilla am Ufer des Sees mit einer Gesamtfl\u00e4che von 85 m2. 2 Schlafzimmer f\u00fcr je zwei Personen, zus\u00e4tzlich ein Schlafsofa f\u00fcr zwei Personen Offenes Wohnzimmer mit Kamin Sauna, Waschraum und Ankleideraum WC drei Terrassen, [&hellip;]<\/p>\n","protected":false},"author":1,"featured_media":1142,"parent":0,"menu_order":0,"comment_status":"closed","ping_status":"closed","template":"","meta":{"footnotes":""},"class_list":["post-1368","page","type-page","status-publish","has-post-thumbnail","hentry"],"yoast_head":"<!-- This site is optimized with the Yoast SEO plugin v27.4 - https:\/\/yoast.com\/product\/yoast-seo-wordpress\/ -->\n<title>Gelbes Ferienhaus - Ferienh\u00fctten V\u00e4litupa, Puruvesi, Finnland<\/title>\n<meta name=\"description\" content=\"Blockvilla am Ufer des Sees mit einer Gesamtfl\u00e4che von 85 m2. Betten f\u00fcr sechs. Offenes Wohnzimmer mit Kamin. drei Terrassen, Au\u00dfengrill\" \/>\n<meta name=\"robots\" content=\"index, follow, max-snippet:-1, max-image-preview:large, max-video-preview:-1\" \/>\n<link rel=\"canonical\" href=\"https:\/\/valituvanlomamokit.fi\/de\/gelbes-ferienhaus\/\" \/>\n<meta property=\"og:locale\" content=\"de_DE\" \/>\n<meta property=\"og:type\" content=\"article\" \/>\n<meta property=\"og:title\" content=\"Gelbes Ferienhaus - Ferienh\u00fctten V\u00e4litupa, Puruvesi, Finnland\" \/>\n<meta property=\"og:description\" content=\"Blockvilla am Ufer des Sees mit einer Gesamtfl\u00e4che von 85 m2. Betten f\u00fcr sechs. Offenes Wohnzimmer mit Kamin. drei Terrassen, Au\u00dfengrill\" \/>\n<meta property=\"og:url\" content=\"https:\/\/valituvanlomamokit.fi\/de\/gelbes-ferienhaus\/\" \/>\n<meta property=\"og:site_name\" content=\"Ferienh\u00fctten V\u00e4litupa, Puruvesi, Finnland\" \/>\n<meta property=\"article:publisher\" content=\"https:\/\/www.facebook.com\/valituvanlomamokit\" \/>\n<meta property=\"article:modified_time\" content=\"2026-04-23T07:51:33+00:00\" \/>\n<meta property=\"og:image\" content=\"https:\/\/valituvanlomamokit.fi\/wp-content\/uploads\/2021\/06\/keltainenmokki-piha2.jpg\" \/>\n\t<meta property=\"og:image:width\" content=\"819\" \/>\n\t<meta property=\"og:image:height\" content=\"614\" \/>\n\t<meta property=\"og:image:type\" content=\"image\/jpeg\" \/>\n<meta name=\"twitter:card\" content=\"summary_large_image\" \/>\n<meta name=\"twitter:label1\" content=\"Gesch\u00e4tzte Lesezeit\" \/>\n\t<meta name=\"twitter:data1\" content=\"3\u00a0Minuten\" \/>\n<script type=\"application\/ld+json\" class=\"yoast-schema-graph\">{\"@context\":\"https:\\\/\\\/schema.org\",\"@graph\":[{\"@type\":\"WebPage\",\"@id\":\"https:\\\/\\\/valituvanlomamokit.fi\\\/de\\\/gelbes-ferienhaus\\\/\",\"url\":\"https:\\\/\\\/valituvanlomamokit.fi\\\/de\\\/gelbes-ferienhaus\\\/\",\"name\":\"Gelbes Ferienhaus - Ferienh\u00fctten V\u00e4litupa, Puruvesi, Finnland\",\"isPartOf\":{\"@id\":\"https:\\\/\\\/valituvanlomamokit.fi\\\/de\\\/#website\"},\"primaryImageOfPage\":{\"@id\":\"https:\\\/\\\/valituvanlomamokit.fi\\\/de\\\/gelbes-ferienhaus\\\/#primaryimage\"},\"image\":{\"@id\":\"https:\\\/\\\/valituvanlomamokit.fi\\\/de\\\/gelbes-ferienhaus\\\/#primaryimage\"},\"thumbnailUrl\":\"https:\\\/\\\/valituvanlomamokit.fi\\\/wp-content\\\/uploads\\\/2021\\\/06\\\/keltainenmokki-piha2.jpg\",\"datePublished\":\"2021-06-01T07:43:10+00:00\",\"dateModified\":\"2026-04-23T07:51:33+00:00\",\"description\":\"Blockvilla am Ufer des Sees mit einer Gesamtfl\u00e4che von 85 m2. Betten f\u00fcr sechs. Offenes Wohnzimmer mit Kamin. drei Terrassen, Au\u00dfengrill\",\"breadcrumb\":{\"@id\":\"https:\\\/\\\/valituvanlomamokit.fi\\\/de\\\/gelbes-ferienhaus\\\/#breadcrumb\"},\"inLanguage\":\"de\",\"potentialAction\":[{\"@type\":\"ReadAction\",\"target\":[\"https:\\\/\\\/valituvanlomamokit.fi\\\/de\\\/gelbes-ferienhaus\\\/\"]}]},{\"@type\":\"ImageObject\",\"inLanguage\":\"de\",\"@id\":\"https:\\\/\\\/valituvanlomamokit.fi\\\/de\\\/gelbes-ferienhaus\\\/#primaryimage\",\"url\":\"https:\\\/\\\/valituvanlomamokit.fi\\\/wp-content\\\/uploads\\\/2021\\\/06\\\/keltainenmokki-piha2.jpg\",\"contentUrl\":\"https:\\\/\\\/valituvanlomamokit.fi\\\/wp-content\\\/uploads\\\/2021\\\/06\\\/keltainenmokki-piha2.jpg\",\"width\":819,\"height\":614},{\"@type\":\"BreadcrumbList\",\"@id\":\"https:\\\/\\\/valituvanlomamokit.fi\\\/de\\\/gelbes-ferienhaus\\\/#breadcrumb\",\"itemListElement\":[{\"@type\":\"ListItem\",\"position\":1,\"name\":\"Etusivu\",\"item\":\"https:\\\/\\\/valituvanlomamokit.fi\\\/de\\\/\"},{\"@type\":\"ListItem\",\"position\":2,\"name\":\"Gelbes Ferienhaus\"}]},{\"@type\":\"WebSite\",\"@id\":\"https:\\\/\\\/valituvanlomamokit.fi\\\/de\\\/#website\",\"url\":\"https:\\\/\\\/valituvanlomamokit.fi\\\/de\\\/\",\"name\":\"Ferienh\u00fctten V\u00e4litupa, Puruvesi, Finnland\",\"description\":\"Unterkunft am Ufer des Sees Puruvesi\",\"publisher\":{\"@id\":\"https:\\\/\\\/valituvanlomamokit.fi\\\/de\\\/#organization\"},\"alternateName\":\"Ymp\u00e4rivuotisia vuokram\u00f6kkej\u00e4\",\"potentialAction\":[{\"@type\":\"SearchAction\",\"target\":{\"@type\":\"EntryPoint\",\"urlTemplate\":\"https:\\\/\\\/valituvanlomamokit.fi\\\/de\\\/?s={search_term_string}\"},\"query-input\":{\"@type\":\"PropertyValueSpecification\",\"valueRequired\":true,\"valueName\":\"search_term_string\"}}],\"inLanguage\":\"de\"},{\"@type\":\"Organization\",\"@id\":\"https:\\\/\\\/valituvanlomamokit.fi\\\/de\\\/#organization\",\"name\":\"Ferienh\u00fctten V\u00e4litupa, Puruvesi, Finnland\",\"url\":\"https:\\\/\\\/valituvanlomamokit.fi\\\/de\\\/\",\"logo\":{\"@type\":\"ImageObject\",\"inLanguage\":\"de\",\"@id\":\"https:\\\/\\\/valituvanlomamokit.fi\\\/de\\\/#\\\/schema\\\/logo\\\/image\\\/\",\"url\":\"https:\\\/\\\/valituvanlomamokit.fi\\\/wp-content\\\/uploads\\\/2021\\\/05\\\/valituvanlomamokit-logo.svg\",\"contentUrl\":\"https:\\\/\\\/valituvanlomamokit.fi\\\/wp-content\\\/uploads\\\/2021\\\/05\\\/valituvanlomamokit-logo.svg\",\"width\":1,\"height\":1,\"caption\":\"Ferienh\u00fctten V\u00e4litupa, Puruvesi, Finnland\"},\"image\":{\"@id\":\"https:\\\/\\\/valituvanlomamokit.fi\\\/de\\\/#\\\/schema\\\/logo\\\/image\\\/\"},\"sameAs\":[\"https:\\\/\\\/www.facebook.com\\\/valituvanlomamokit\"]}]}<\/script>\n<!-- \/ Yoast SEO plugin. -->","yoast_head_json":{"title":"Gelbes Ferienhaus - Ferienh\u00fctten V\u00e4litupa, Puruvesi, Finnland","description":"Blockvilla am Ufer des Sees mit einer Gesamtfl\u00e4che von 85 m2. Betten f\u00fcr sechs. Offenes Wohnzimmer mit Kamin. drei Terrassen, Au\u00dfengrill","robots":{"index":"index","follow":"follow","max-snippet":"max-snippet:-1","max-image-preview":"max-image-preview:large","max-video-preview":"max-video-preview:-1"},"canonical":"https:\/\/valituvanlomamokit.fi\/de\/gelbes-ferienhaus\/","og_locale":"de_DE","og_type":"article","og_title":"Gelbes Ferienhaus - Ferienh\u00fctten V\u00e4litupa, Puruvesi, Finnland","og_description":"Blockvilla am Ufer des Sees mit einer Gesamtfl\u00e4che von 85 m2. Betten f\u00fcr sechs. Offenes Wohnzimmer mit Kamin. drei Terrassen, Au\u00dfengrill","og_url":"https:\/\/valituvanlomamokit.fi\/de\/gelbes-ferienhaus\/","og_site_name":"Ferienh\u00fctten V\u00e4litupa, Puruvesi, Finnland","article_publisher":"https:\/\/www.facebook.com\/valituvanlomamokit","article_modified_time":"2026-04-23T07:51:33+00:00","og_image":[{"width":819,"height":614,"url":"https:\/\/valituvanlomamokit.fi\/wp-content\/uploads\/2021\/06\/keltainenmokki-piha2.jpg","type":"image\/jpeg"}],"twitter_card":"summary_large_image","twitter_misc":{"Gesch\u00e4tzte Lesezeit":"3\u00a0Minuten"},"schema":{"@context":"https:\/\/schema.org","@graph":[{"@type":"WebPage","@id":"https:\/\/valituvanlomamokit.fi\/de\/gelbes-ferienhaus\/","url":"https:\/\/valituvanlomamokit.fi\/de\/gelbes-ferienhaus\/","name":"Gelbes Ferienhaus - Ferienh\u00fctten V\u00e4litupa, Puruvesi, Finnland","isPartOf":{"@id":"https:\/\/valituvanlomamokit.fi\/de\/#website"},"primaryImageOfPage":{"@id":"https:\/\/valituvanlomamokit.fi\/de\/gelbes-ferienhaus\/#primaryimage"},"image":{"@id":"https:\/\/valituvanlomamokit.fi\/de\/gelbes-ferienhaus\/#primaryimage"},"thumbnailUrl":"https:\/\/valituvanlomamokit.fi\/wp-content\/uploads\/2021\/06\/keltainenmokki-piha2.jpg","datePublished":"2021-06-01T07:43:10+00:00","dateModified":"2026-04-23T07:51:33+00:00","description":"Blockvilla am Ufer des Sees mit einer Gesamtfl\u00e4che von 85 m2. Betten f\u00fcr sechs. Offenes Wohnzimmer mit Kamin. drei Terrassen, Au\u00dfengrill","breadcrumb":{"@id":"https:\/\/valituvanlomamokit.fi\/de\/gelbes-ferienhaus\/#breadcrumb"},"inLanguage":"de","potentialAction":[{"@type":"ReadAction","target":["https:\/\/valituvanlomamokit.fi\/de\/gelbes-ferienhaus\/"]}]},{"@type":"ImageObject","inLanguage":"de","@id":"https:\/\/valituvanlomamokit.fi\/de\/gelbes-ferienhaus\/#primaryimage","url":"https:\/\/valituvanlomamokit.fi\/wp-content\/uploads\/2021\/06\/keltainenmokki-piha2.jpg","contentUrl":"https:\/\/valituvanlomamokit.fi\/wp-content\/uploads\/2021\/06\/keltainenmokki-piha2.jpg","width":819,"height":614},{"@type":"BreadcrumbList","@id":"https:\/\/valituvanlomamokit.fi\/de\/gelbes-ferienhaus\/#breadcrumb","itemListElement":[{"@type":"ListItem","position":1,"name":"Etusivu","item":"https:\/\/valituvanlomamokit.fi\/de\/"},{"@type":"ListItem","position":2,"name":"Gelbes Ferienhaus"}]},{"@type":"WebSite","@id":"https:\/\/valituvanlomamokit.fi\/de\/#website","url":"https:\/\/valituvanlomamokit.fi\/de\/","name":"Ferienh\u00fctten V\u00e4litupa, Puruvesi, Finnland","description":"Unterkunft am Ufer des Sees Puruvesi","publisher":{"@id":"https:\/\/valituvanlomamokit.fi\/de\/#organization"},"alternateName":"Ymp\u00e4rivuotisia vuokram\u00f6kkej\u00e4","potentialAction":[{"@type":"SearchAction","target":{"@type":"EntryPoint","urlTemplate":"https:\/\/valituvanlomamokit.fi\/de\/?s={search_term_string}"},"query-input":{"@type":"PropertyValueSpecification","valueRequired":true,"valueName":"search_term_string"}}],"inLanguage":"de"},{"@type":"Organization","@id":"https:\/\/valituvanlomamokit.fi\/de\/#organization","name":"Ferienh\u00fctten V\u00e4litupa, Puruvesi, Finnland","url":"https:\/\/valituvanlomamokit.fi\/de\/","logo":{"@type":"ImageObject","inLanguage":"de","@id":"https:\/\/valituvanlomamokit.fi\/de\/#\/schema\/logo\/image\/","url":"https:\/\/valituvanlomamokit.fi\/wp-content\/uploads\/2021\/05\/valituvanlomamokit-logo.svg","contentUrl":"https:\/\/valituvanlomamokit.fi\/wp-content\/uploads\/2021\/05\/valituvanlomamokit-logo.svg","width":1,"height":1,"caption":"Ferienh\u00fctten V\u00e4litupa, Puruvesi, Finnland"},"image":{"@id":"https:\/\/valituvanlomamokit.fi\/de\/#\/schema\/logo\/image\/"},"sameAs":["https:\/\/www.facebook.com\/valituvanlomamokit"]}]}},"_links":{"self":[{"href":"https:\/\/valituvanlomamokit.fi\/de\/wp-json\/wp\/v2\/pages\/1368","targetHints":{"allow":["GET"]}}],"collection":[{"href":"https:\/\/valituvanlomamokit.fi\/de\/wp-json\/wp\/v2\/pages"}],"about":[{"href":"https:\/\/valituvanlomamokit.fi\/de\/wp-json\/wp\/v2\/types\/page"}],"author":[{"embeddable":true,"href":"https:\/\/valituvanlomamokit.fi\/de\/wp-json\/wp\/v2\/users\/1"}],"replies":[{"embeddable":true,"href":"https:\/\/valituvanlomamokit.fi\/de\/wp-json\/wp\/v2\/comments?post=1368"}],"version-history":[{"count":10,"href":"https:\/\/valituvanlomamokit.fi\/de\/wp-json\/wp\/v2\/pages\/1368\/revisions"}],"predecessor-version":[{"id":2696,"href":"https:\/\/valituvanlomamokit.fi\/de\/wp-json\/wp\/v2\/pages\/1368\/revisions\/2696"}],"wp:featuredmedia":[{"embeddable":true,"href":"https:\/\/valituvanlomamokit.fi\/de\/wp-json\/wp\/v2\/media\/1142"}],"wp:attachment":[{"href":"https:\/\/valituvanlomamokit.fi\/de\/wp-json\/wp\/v2\/media?parent=1368"}],"curies":[{"name":"wp","href":"https:\/\/api.w.org\/{rel}","templated":true}]}}