{"id":1372,"date":"2021-06-24T12:49:24","date_gmt":"2021-06-24T09:49:24","guid":{"rendered":"https:\/\/valituvanlomamokit.fi\/punainen-moekki\/"},"modified":"2026-04-23T10:51:09","modified_gmt":"2026-04-23T07:51:09","slug":"rotes-ferienhaus","status":"publish","type":"page","link":"https:\/\/valituvanlomamokit.fi\/de\/rotes-ferienhaus\/","title":{"rendered":"Rotes Ferienhaus"},"content":{"rendered":"<h1>Rotes Ferienhaus<\/h1>\n<div>\n<p>    <!-- BEGIN Moder Booking Widget --><\/p>\n<div id=\"moder-embed\"><\/div>\n<p><script>\n    var ModerSettings = {\n        property: \"valituvan-lomamokit\",\n        roomTypeId: 5237\n    };\n<\/script><\/p>\n<p><script src=\"https:\/\/moder-embeds-dev.s3.eu-north-1.amazonaws.com\/bundle.js\" defer><\/script><br \/>\n<!-- END Moder Booking Widget --><\/p>\n<\/div>\n<ul>\n<li>\n<p>        <img decoding=\"async\" src=\"\/wp-content\/uploads\/2021\/05\/valituvanmokit-ulko-kesa4.jpg\" alt=\"\"><\/p>\n<h3>valituvanmokit-ulko-kesa1<\/h3>\n<\/li>\n<li>\n<p>        <img decoding=\"async\" src=\"\/wp-content\/uploads\/2021\/06\/punainenmokki-oh.jpg\" alt=\"\"><\/p>\n<h3>punainenmokki-oh<\/h3>\n<\/li>\n<li>\n<p>        <img decoding=\"async\" src=\"\/wp-content\/uploads\/2021\/06\/punainenmokki-oh4.jpg\" alt=\"\"><\/p>\n<h3>punainenmokki-oh4<\/h3>\n<\/li>\n<li>\n<p>        <img decoding=\"async\" src=\"\/wp-content\/uploads\/2021\/06\/punainenmokki-oh3.jpg\" alt=\"\"><\/p>\n<h3>punainenmokki-oh3<\/h3>\n<\/li>\n<li>\n<p>        <img decoding=\"async\" src=\"\/wp-content\/uploads\/2021\/06\/punainenmokki-oh2.jpg\" alt=\"\"><\/p>\n<h3>punainenmokki-oh2<\/h3>\n<\/li>\n<li>\n<p>        <img decoding=\"async\" src=\"\/wp-content\/uploads\/2021\/06\/punainenmokki-oleskelu.jpg\" alt=\"\"><\/p>\n<h3>punainenmokki-oleskelu<\/h3>\n<\/li>\n<li>\n<p>        <img decoding=\"async\" src=\"\/wp-content\/uploads\/2021\/06\/punainenmokki-takka.jpg\" alt=\"\"><\/p>\n<h3>punainenmokki-takka<\/h3>\n<\/li>\n<li>\n<p>        <img decoding=\"async\" src=\"\/wp-content\/uploads\/2021\/06\/punainenmokki-keittio2.jpg\" alt=\"\"><\/p>\n<h3>punainenmokki-keittio2<\/h3>\n<\/li>\n<li>\n<p>        <img decoding=\"async\" src=\"\/wp-content\/uploads\/2021\/06\/punainenmokki-keittio.jpg\" alt=\"\"><\/p>\n<h3>punainenmokki-keittio<\/h3>\n<\/li>\n<li>\n<p>        <img decoding=\"async\" src=\"\/wp-content\/uploads\/2021\/06\/punainenmokki-keittio-takka.jpg\" alt=\"\"><\/p>\n<h3>punainenmokki-keittio-takka<\/h3>\n<\/li>\n<li>\n<p>        <img decoding=\"async\" src=\"\/wp-content\/uploads\/2021\/06\/punainenmokki-mh.jpg\" alt=\"\"><\/p>\n<h3>punainenmokki-mh<\/h3>\n<\/li>\n<li>\n<p>        <img decoding=\"async\" src=\"\/wp-content\/uploads\/2021\/06\/punainenmokki-terassi2.jpg\" alt=\"\"><\/p>\n<h3>punainenmokki-terassi2<\/h3>\n<\/li>\n<li>\n<p>        <img decoding=\"async\" src=\"\/wp-content\/uploads\/2021\/06\/punainenmokki-ulkoterassi2.jpg\" alt=\"\"><\/p>\n<h3>punainenmokki-ulkoterassi2<\/h3>\n<\/li>\n<li>\n<p>        <img decoding=\"async\" src=\"\/wp-content\/uploads\/2021\/06\/punainenmokki-ranta.jpg\" alt=\"\"><\/p>\n<h3>punainenmokki-ranta<\/h3>\n<\/li>\n<li>\n<p>        <img decoding=\"async\" src=\"\/wp-content\/uploads\/2021\/06\/punainenmokki-piha.jpg\" alt=\"\"><\/p>\n<h3>punainenmokki-piha<\/h3>\n<\/li>\n<li>\n<p>        <img decoding=\"async\" src=\"\/wp-content\/uploads\/2023\/11\/pun-laituri.jpg\" alt=\"\"><\/p>\n<h3>pun-laituri<\/h3>\n<\/li>\n<li>\n<p>        <img decoding=\"async\" src=\"\/wp-content\/uploads\/2023\/11\/pun-ranta.jpg\" alt=\"\"><\/p>\n<h3>pun-ranta<\/h3>\n<\/li>\n<li>\n<p>        <img decoding=\"async\" src=\"\/wp-content\/uploads\/2023\/11\/pun-vappu.jpg\" alt=\"\"><\/p>\n<h3>pun-vappu<\/h3>\n<\/li>\n<\/ul>\n<div>\n<p>Im Jahr 1998 erbaute Blockvilla am Ufer des Sees mit einer Gesamtfl\u00e4che von 60 m<sup>2<\/sup>.\u00a02018 teilweise renoviert.<\/p>\n<ul>\n<li>im Erdgeschoss 1 Schlafzimmer mit einem Doppelbett f\u00fcr zwei Personen<\/li>\n<li>am Schlafboden Platz f\u00fcr zwei Personen (Matratzen)<\/li>\n<li>Wohnzimmer und Specksteinkamin<\/li>\n<li>Sauna, Raum mit Duschkabine zum Waschen<\/li>\n<li>WC<\/li>\n<li>Terrasse, Au\u00dfengrill und Patio<\/li>\n<li>Vordach zum Essen im Freien<\/li>\n<li>Sandstrand, Steg und Ruderboot<\/li>\n<\/ul>\n<p><strong>Ausstattung<\/strong><\/p>\n<ul>\n<li>K\u00fchl-Gefrierkombination<\/li>\n<li>Kaffeemaschine und Wasserkocher<\/li>\n<li>Mikrowellenherd<\/li>\n<li>Geschirrsp\u00fcler<\/li>\n<li>Herd und Ofen<\/li>\n<li>Waschmaschine und M\u00f6glichkeit zum B\u00fcgeln<\/li>\n<li>Wi-Fi, Fernseher, DVD<\/li>\n<\/ul>\n<\/div>\n<ul>\n<li>\n<p>\n        <a href=\"tel: +358503309933\">+358 50 3309 933<\/a>\n    <\/p>\n<\/li>\n<li>\n<p>\n        <a href=\"mailto:info@valituvanlomamokit.fi\">info@valituvanlomamokit.fi<\/a>\n    <\/p>\n<\/li>\n<\/ul>\n<p><!--more--><br \/>\n<!-- {\"name\":\"keltainen m\u00f6kki\",\"type\":\"layout\",\"children\":[{\"type\":\"section\",\"props\":{\"id\":\"varaa\",\"image_position\":\"center-center\",\"padding_bottom\":\"small\",\"padding_top\":\"small\",\"style\":\"secondary\",\"title_breakpoint\":\"xl\",\"title_position\":\"top-left\",\"title_rotation\":\"left\",\"vertical_align\":\"middle\",\"width\":\"default\"},\"children\":[{\"type\":\"row\",\"children\":[{\"type\":\"column\",\"props\":{\"image_position\":\"center-center\",\"position_sticky_breakpoint\":\"m\"},\"children\":[{\"type\":\"headline\",\"props\":{\"content\":\"Rotes Ferienhaus\",\"image_align\":\"left\",\"image_margin\":\"xsmall\",\"title_element\":\"h1\",\"title_style\":\"heading-small\"}},{\"type\":\"html\",\"props\":{\"content\":\"<!-- BEGIN Moder Booking Widget -->\\n<\/p>\n<div id=\\\"moder-embed\\\"><\/div>\n<p>\\n\\n<script>\\n    var ModerSettings = {\\n        property: \\\"valituvan-lomamokit\\\",\\n        roomTypeId: 5237\\n    };\\n<\/script>\\n\\n<script src=\\\"https:\/\/moder-embeds-dev.s3.eu-north-1.amazonaws.com\/bundle.js\\\" defer><\/script>\\n<!-- END Moder Booking Widget -->\\n&#8220;}}]}]}],&#8220;name&#8220;:&#8220;varauskalenteriosio vihre\u00e4&#8220;},{&#8222;type&#8220;:&#8220;section&#8220;,&#8220;props&#8220;:{&#8222;image_position&#8220;:&#8220;center-center&#8220;,&#8220;style&#8220;:&#8220;default&#8220;,&#8220;title_breakpoint&#8220;:&#8220;xl&#8220;,&#8220;title_position&#8220;:&#8220;top-left&#8220;,&#8220;title_rotation&#8220;:&#8220;left&#8220;,&#8220;vertical_align&#8220;:&#8220;&#8220;,&#8220;width&#8220;:&#8220;large&#8220;},&#8220;children&#8220;:[{&#8222;type&#8220;:&#8220;row&#8220;,&#8220;props&#8220;:{&#8222;layout&#8220;:&#8220;2-5,3-5&#8243;},&#8220;children&#8220;:[{&#8222;type&#8220;:&#8220;column&#8220;,&#8220;props&#8220;:{&#8222;image_position&#8220;:&#8220;center-center&#8220;,&#8220;position_sticky_breakpoint&#8220;:&#8220;m&#8220;,&#8220;width_medium&#8220;:&#8220;2-5&#8243;},&#8220;children&#8220;:[{&#8222;type&#8220;:&#8220;slideshow&#8220;,&#8220;props&#8220;:{&#8222;link_style&#8220;:&#8220;default&#8220;,&#8220;link_text&#8220;:&#8220;Read more&#8220;,&#8220;margin_bottom&#8220;:&#8220;default&#8220;,&#8220;margin_top&#8220;:&#8220;default&#8220;,&#8220;meta_align&#8220;:&#8220;below-title&#8220;,&#8220;meta_element&#8220;:&#8220;div&#8220;,&#8220;meta_style&#8220;:&#8220;text-meta&#8220;,&#8220;nav&#8220;:&#8220;thumbnav&#8220;,&#8220;nav_align&#8220;:&#8220;center&#8220;,&#8220;nav_below&#8220;:true,&#8220;nav_breakpoint&#8220;:&#8220;s&#8220;,&#8220;nav_margin&#8220;:&#8220;small&#8220;,&#8220;nav_position&#8220;:&#8220;bottom-center&#8220;,&#8220;nav_position_margin&#8220;:&#8220;medium&#8220;,&#8220;overlay_animation&#8220;:&#8220;parallax&#8220;,&#8220;overlay_position&#8220;:&#8220;center-left&#8220;,&#8220;show_content&#8220;:true,&#8220;show_link&#8220;:true,&#8220;show_meta&#8220;:false,&#8220;show_thumbnail&#8220;:true,&#8220;show_title&#8220;:false,&#8220;slidenav&#8220;:&#8220;top-right&#8220;,&#8220;slidenav_breakpoint&#8220;:&#8220;&#8220;,&#8220;slidenav_margin&#8220;:&#8220;small&#8220;,&#8220;slidenav_outside_breakpoint&#8220;:&#8220;xl&#8220;,&#8220;slideshow_autoplay_pause&#8220;:true,&#8220;slideshow_max_height&#8220;:&#8220;800&#8243;,&#8220;slideshow_min_height&#8220;:300,&#8220;thumbnav_height&#8220;:&#8220;50&#8243;,&#8220;thumbnav_shrink&#8220;:false,&#8220;thumbnav_svg_color&#8220;:&#8220;emphasis&#8220;,&#8220;thumbnav_width&#8220;:&#8220;72&#8243;,&#8220;title_element&#8220;:&#8220;h3&#8243;,&#8220;title_hover_style&#8220;:&#8220;reset&#8220;},&#8220;children&#8220;:[{&#8222;type&#8220;:&#8220;slideshow_item&#8220;,&#8220;props&#8220;:{&#8222;image&#8220;:&#8220;wp-content\/uploads\/2021\/05\/valituvanmokit-ulko-kesa4.jpg&#8220;,&#8220;title&#8220;:&#8220;valituvanmokit-ulko-kesa1&#8243;}},{&#8222;type&#8220;:&#8220;slideshow_item&#8220;,&#8220;props&#8220;:{&#8222;image&#8220;:&#8220;wp-content\/uploads\/2021\/06\/punainenmokki-oh.jpg&#8220;,&#8220;title&#8220;:&#8220;punainenmokki-oh&#8220;}},{&#8222;type&#8220;:&#8220;slideshow_item&#8220;,&#8220;props&#8220;:{&#8222;image&#8220;:&#8220;wp-content\/uploads\/2021\/06\/punainenmokki-oh4.jpg&#8220;,&#8220;title&#8220;:&#8220;punainenmokki-oh4&#8243;}},{&#8222;type&#8220;:&#8220;slideshow_item&#8220;,&#8220;props&#8220;:{&#8222;image&#8220;:&#8220;wp-content\/uploads\/2021\/06\/punainenmokki-oh3.jpg&#8220;,&#8220;title&#8220;:&#8220;punainenmokki-oh3&#8243;}},{&#8222;type&#8220;:&#8220;slideshow_item&#8220;,&#8220;props&#8220;:{&#8222;image&#8220;:&#8220;wp-content\/uploads\/2021\/06\/punainenmokki-oh2.jpg&#8220;,&#8220;title&#8220;:&#8220;punainenmokki-oh2&#8243;}},{&#8222;type&#8220;:&#8220;slideshow_item&#8220;,&#8220;props&#8220;:{&#8222;image&#8220;:&#8220;wp-content\/uploads\/2021\/06\/punainenmokki-oleskelu.jpg&#8220;,&#8220;title&#8220;:&#8220;punainenmokki-oleskelu&#8220;}},{&#8222;type&#8220;:&#8220;slideshow_item&#8220;,&#8220;props&#8220;:{&#8222;image&#8220;:&#8220;wp-content\/uploads\/2021\/06\/punainenmokki-takka.jpg&#8220;,&#8220;title&#8220;:&#8220;punainenmokki-takka&#8220;}},{&#8222;type&#8220;:&#8220;slideshow_item&#8220;,&#8220;props&#8220;:{&#8222;image&#8220;:&#8220;wp-content\/uploads\/2021\/06\/punainenmokki-keittio2.jpg&#8220;,&#8220;title&#8220;:&#8220;punainenmokki-keittio2&#8243;}},{&#8222;type&#8220;:&#8220;slideshow_item&#8220;,&#8220;props&#8220;:{&#8222;image&#8220;:&#8220;wp-content\/uploads\/2021\/06\/punainenmokki-keittio.jpg&#8220;,&#8220;title&#8220;:&#8220;punainenmokki-keittio&#8220;}},{&#8222;type&#8220;:&#8220;slideshow_item&#8220;,&#8220;props&#8220;:{&#8222;image&#8220;:&#8220;wp-content\/uploads\/2021\/06\/punainenmokki-keittio-takka.jpg&#8220;,&#8220;title&#8220;:&#8220;punainenmokki-keittio-takka&#8220;}},{&#8222;type&#8220;:&#8220;slideshow_item&#8220;,&#8220;props&#8220;:{&#8222;image&#8220;:&#8220;wp-content\/uploads\/2021\/06\/punainenmokki-mh.jpg&#8220;,&#8220;title&#8220;:&#8220;punainenmokki-mh&#8220;}},{&#8222;type&#8220;:&#8220;slideshow_item&#8220;,&#8220;props&#8220;:{&#8222;image&#8220;:&#8220;wp-content\/uploads\/2021\/06\/punainenmokki-terassi2.jpg&#8220;,&#8220;title&#8220;:&#8220;punainenmokki-terassi2&#8243;}},{&#8222;type&#8220;:&#8220;slideshow_item&#8220;,&#8220;props&#8220;:{&#8222;image&#8220;:&#8220;wp-content\/uploads\/2021\/06\/punainenmokki-ulkoterassi2.jpg&#8220;,&#8220;title&#8220;:&#8220;punainenmokki-ulkoterassi2&#8243;}},{&#8222;type&#8220;:&#8220;slideshow_item&#8220;,&#8220;props&#8220;:{&#8222;image&#8220;:&#8220;wp-content\/uploads\/2021\/06\/punainenmokki-ranta.jpg&#8220;,&#8220;title&#8220;:&#8220;punainenmokki-ranta&#8220;}},{&#8222;type&#8220;:&#8220;slideshow_item&#8220;,&#8220;props&#8220;:{&#8222;image&#8220;:&#8220;wp-content\/uploads\/2021\/06\/punainenmokki-piha.jpg&#8220;,&#8220;title&#8220;:&#8220;punainenmokki-piha&#8220;}},{&#8222;type&#8220;:&#8220;slideshow_item&#8220;,&#8220;props&#8220;:{&#8222;image&#8220;:&#8220;wp-content\/uploads\/2023\/11\/pun-laituri.jpg&#8220;,&#8220;title&#8220;:&#8220;pun-laituri&#8220;}},{&#8222;type&#8220;:&#8220;slideshow_item&#8220;,&#8220;props&#8220;:{&#8222;image&#8220;:&#8220;wp-content\/uploads\/2023\/11\/pun-ranta.jpg&#8220;,&#8220;title&#8220;:&#8220;pun-ranta&#8220;}},{&#8222;type&#8220;:&#8220;slideshow_item&#8220;,&#8220;props&#8220;:{&#8222;image&#8220;:&#8220;wp-content\/uploads\/2023\/11\/pun-vappu.jpg&#8220;,&#8220;title&#8220;:&#8220;pun-vappu&#8220;}}]}]},{&#8222;type&#8220;:&#8220;column&#8220;,&#8220;props&#8220;:{&#8222;image_position&#8220;:&#8220;center-center&#8220;,&#8220;position_sticky_breakpoint&#8220;:&#8220;m&#8220;,&#8220;width_medium&#8220;:&#8220;3-5&#8243;},&#8220;children&#8220;:[{&#8222;type&#8220;:&#8220;text&#8220;,&#8220;props&#8220;:{&#8222;column_breakpoint&#8220;:&#8220;m&#8220;,&#8220;content&#8220;:&#8220;<\/p>\n<p>Im Jahr 1998 erbaute Blockvilla am Ufer des Sees mit einer Gesamtfl\u00e4che von 60 m<sup>2<\/sup>.\u00a02018 teilweise renoviert.<\/p>\n<p>\\n<\/p>\n<ul>\\n<\/p>\n<li>im Erdgeschoss 1 Schlafzimmer mit einem Doppelbett f\u00fcr zwei Personen<\/li>\n<p>\\n<\/p>\n<li>am Schlafboden Platz f\u00fcr zwei Personen (Matratzen)<\/li>\n<p>\\n<\/p>\n<li>Wohnzimmer und Specksteinkamin<\/li>\n<p>\\n<\/p>\n<li>Sauna, Raum mit Duschkabine zum Waschen<\/li>\n<p>\\n<\/p>\n<li>WC<\/li>\n<p>\\n<\/p>\n<li>Terrasse, Au\u00dfengrill und Patio<\/li>\n<p>\\n<\/p>\n<li>Vordach zum Essen im Freien<\/li>\n<p>\\n<\/p>\n<li>Sandstrand, Steg und Ruderboot<\/li>\n<p>\\n<\/ul>\n<p>\\n<\/p>\n<p><strong>Ausstattung<\/strong><\/p>\n<p>\\n<\/p>\n<ul>\\n<\/p>\n<li>K\u00fchl-Gefrierkombination<\/li>\n<p>\\n<\/p>\n<li>Kaffeemaschine und Wasserkocher<\/li>\n<p>\\n<\/p>\n<li>Mikrowellenherd<\/li>\n<p>\\n<\/p>\n<li>Geschirrsp\u00fcler<\/li>\n<p>\\n<\/p>\n<li>Herd und Ofen<\/li>\n<p>\\n<\/p>\n<li>Waschmaschine und M\u00f6glichkeit zum B\u00fcgeln<\/li>\n<p>\\n<\/p>\n<li>Wi-Fi, Fernseher, DVD<\/li>\n<p>\\n<\/ul>\n<p>&#8222;,&#8220;margin_bottom&#8220;:&#8220;default&#8220;,&#8220;margin_top&#8220;:&#8220;default&#8220;}},{&#8222;type&#8220;:&#8220;button&#8220;,&#8220;props&#8220;:{&#8222;grid_column_gap&#8220;:&#8220;small&#8220;,&#8220;grid_row_gap&#8220;:&#8220;small&#8220;,&#8220;margin_bottom&#8220;:&#8220;default&#8220;,&#8220;margin_top&#8220;:&#8220;default&#8220;},&#8220;children&#8220;:[{&#8222;type&#8220;:&#8220;button_item&#8220;,&#8220;props&#8220;:{&#8222;button_style&#8220;:&#8220;default&#8220;,&#8220;content&#8220;:&#8220;+358 50 3309 933&#8243;,&#8220;dialog_layout&#8220;:&#8220;modal&#8220;,&#8220;dialog_offcanvas_flip&#8220;:true,&#8220;icon_align&#8220;:&#8220;left&#8220;,&#8220;link&#8220;:&#8220;tel: +358503309933&#8243;}},{&#8222;type&#8220;:&#8220;button_item&#8220;,&#8220;props&#8220;:{&#8222;button_style&#8220;:&#8220;default&#8220;,&#8220;content&#8220;:&#8220;info@valituvanlomamokit.fi&#8220;,&#8220;dialog_layout&#8220;:&#8220;modal&#8220;,&#8220;dialog_offcanvas_flip&#8220;:true,&#8220;icon_align&#8220;:&#8220;left&#8220;,&#8220;link&#8220;:&#8220;mailto:info@valituvanlomamokit.fi&#8220;}}],&#8220;name&#8220;:&#8220;puh ja email painikkeet3&#8243;}]}]}]}],&#8220;version&#8220;:&#8220;5.0.29&#8243;} &#8211;><\/p>\n","protected":false},"excerpt":{"rendered":"<p>Rotes Ferienhaus valituvanmokit-ulko-kesa1 punainenmokki-oh punainenmokki-oh4 punainenmokki-oh3 punainenmokki-oh2 punainenmokki-oleskelu punainenmokki-takka punainenmokki-keittio2 punainenmokki-keittio punainenmokki-keittio-takka punainenmokki-mh punainenmokki-terassi2 punainenmokki-ulkoterassi2 punainenmokki-ranta punainenmokki-piha pun-laituri pun-ranta pun-vappu Im Jahr 1998 erbaute Blockvilla am Ufer des Sees mit einer Gesamtfl\u00e4che von 60 m2.\u00a02018 teilweise renoviert. im Erdgeschoss 1 Schlafzimmer mit einem Doppelbett f\u00fcr zwei Personen am Schlafboden Platz f\u00fcr zwei Personen (Matratzen) Wohnzimmer [&hellip;]<\/p>\n","protected":false},"author":1,"featured_media":1064,"parent":0,"menu_order":0,"comment_status":"closed","ping_status":"closed","template":"","meta":{"footnotes":""},"class_list":["post-1372","page","type-page","status-publish","has-post-thumbnail","hentry"],"yoast_head":"<!-- This site is optimized with the Yoast SEO plugin v27.4 - https:\/\/yoast.com\/product\/yoast-seo-wordpress\/ -->\n<title>Rotes Ferienhaus - Ferienh\u00fctten V\u00e4litupa, Puruvesi, Finnland<\/title>\n<meta name=\"description\" content=\"Blockvilla am Ufer des Sees mit einer Gesamtfl\u00e4che von 60 m2.Bedden f\u00fcr vier. Wohnzimmer und Specksteinkamin\" \/>\n<meta name=\"robots\" content=\"index, follow, max-snippet:-1, max-image-preview:large, max-video-preview:-1\" \/>\n<link rel=\"canonical\" href=\"https:\/\/valituvanlomamokit.fi\/de\/rotes-ferienhaus\/\" \/>\n<meta property=\"og:locale\" content=\"de_DE\" \/>\n<meta property=\"og:type\" content=\"article\" \/>\n<meta property=\"og:title\" content=\"Rotes Ferienhaus - Ferienh\u00fctten V\u00e4litupa, Puruvesi, Finnland\" \/>\n<meta property=\"og:description\" content=\"Blockvilla am Ufer des Sees mit einer Gesamtfl\u00e4che von 60 m2.Bedden f\u00fcr vier. Wohnzimmer und Specksteinkamin\" \/>\n<meta property=\"og:url\" content=\"https:\/\/valituvanlomamokit.fi\/de\/rotes-ferienhaus\/\" \/>\n<meta property=\"og:site_name\" content=\"Ferienh\u00fctten V\u00e4litupa, Puruvesi, Finnland\" \/>\n<meta property=\"article:publisher\" content=\"https:\/\/www.facebook.com\/valituvanlomamokit\" \/>\n<meta property=\"article:modified_time\" content=\"2026-04-23T07:51:09+00:00\" \/>\n<meta property=\"og:image\" content=\"https:\/\/valituvanlomamokit.fi\/wp-content\/uploads\/2021\/05\/valituvanmokit-ulko-kesa4.jpg\" \/>\n\t<meta property=\"og:image:width\" content=\"1024\" \/>\n\t<meta property=\"og:image:height\" content=\"768\" \/>\n\t<meta property=\"og:image:type\" content=\"image\/jpeg\" \/>\n<meta name=\"twitter:card\" content=\"summary_large_image\" \/>\n<meta name=\"twitter:label1\" content=\"Gesch\u00e4tzte Lesezeit\" \/>\n\t<meta name=\"twitter:data1\" content=\"3\u00a0Minuten\" \/>\n<script type=\"application\/ld+json\" class=\"yoast-schema-graph\">{\"@context\":\"https:\\\/\\\/schema.org\",\"@graph\":[{\"@type\":\"WebPage\",\"@id\":\"https:\\\/\\\/valituvanlomamokit.fi\\\/de\\\/rotes-ferienhaus\\\/\",\"url\":\"https:\\\/\\\/valituvanlomamokit.fi\\\/de\\\/rotes-ferienhaus\\\/\",\"name\":\"Rotes Ferienhaus - Ferienh\u00fctten V\u00e4litupa, Puruvesi, Finnland\",\"isPartOf\":{\"@id\":\"https:\\\/\\\/valituvanlomamokit.fi\\\/de\\\/#website\"},\"primaryImageOfPage\":{\"@id\":\"https:\\\/\\\/valituvanlomamokit.fi\\\/de\\\/rotes-ferienhaus\\\/#primaryimage\"},\"image\":{\"@id\":\"https:\\\/\\\/valituvanlomamokit.fi\\\/de\\\/rotes-ferienhaus\\\/#primaryimage\"},\"thumbnailUrl\":\"https:\\\/\\\/valituvanlomamokit.fi\\\/wp-content\\\/uploads\\\/2021\\\/05\\\/valituvanmokit-ulko-kesa4.jpg\",\"datePublished\":\"2021-06-24T09:49:24+00:00\",\"dateModified\":\"2026-04-23T07:51:09+00:00\",\"description\":\"Blockvilla am Ufer des Sees mit einer Gesamtfl\u00e4che von 60 m2.Bedden f\u00fcr vier. Wohnzimmer und Specksteinkamin\",\"breadcrumb\":{\"@id\":\"https:\\\/\\\/valituvanlomamokit.fi\\\/de\\\/rotes-ferienhaus\\\/#breadcrumb\"},\"inLanguage\":\"de\",\"potentialAction\":[{\"@type\":\"ReadAction\",\"target\":[\"https:\\\/\\\/valituvanlomamokit.fi\\\/de\\\/rotes-ferienhaus\\\/\"]}]},{\"@type\":\"ImageObject\",\"inLanguage\":\"de\",\"@id\":\"https:\\\/\\\/valituvanlomamokit.fi\\\/de\\\/rotes-ferienhaus\\\/#primaryimage\",\"url\":\"https:\\\/\\\/valituvanlomamokit.fi\\\/wp-content\\\/uploads\\\/2021\\\/05\\\/valituvanmokit-ulko-kesa4.jpg\",\"contentUrl\":\"https:\\\/\\\/valituvanlomamokit.fi\\\/wp-content\\\/uploads\\\/2021\\\/05\\\/valituvanmokit-ulko-kesa4.jpg\",\"width\":1024,\"height\":768},{\"@type\":\"BreadcrumbList\",\"@id\":\"https:\\\/\\\/valituvanlomamokit.fi\\\/de\\\/rotes-ferienhaus\\\/#breadcrumb\",\"itemListElement\":[{\"@type\":\"ListItem\",\"position\":1,\"name\":\"Etusivu\",\"item\":\"https:\\\/\\\/valituvanlomamokit.fi\\\/de\\\/\"},{\"@type\":\"ListItem\",\"position\":2,\"name\":\"Rotes Ferienhaus\"}]},{\"@type\":\"WebSite\",\"@id\":\"https:\\\/\\\/valituvanlomamokit.fi\\\/de\\\/#website\",\"url\":\"https:\\\/\\\/valituvanlomamokit.fi\\\/de\\\/\",\"name\":\"Ferienh\u00fctten V\u00e4litupa, Puruvesi, Finnland\",\"description\":\"Unterkunft am Ufer des Sees Puruvesi\",\"publisher\":{\"@id\":\"https:\\\/\\\/valituvanlomamokit.fi\\\/de\\\/#organization\"},\"alternateName\":\"Ymp\u00e4rivuotisia vuokram\u00f6kkej\u00e4\",\"potentialAction\":[{\"@type\":\"SearchAction\",\"target\":{\"@type\":\"EntryPoint\",\"urlTemplate\":\"https:\\\/\\\/valituvanlomamokit.fi\\\/de\\\/?s={search_term_string}\"},\"query-input\":{\"@type\":\"PropertyValueSpecification\",\"valueRequired\":true,\"valueName\":\"search_term_string\"}}],\"inLanguage\":\"de\"},{\"@type\":\"Organization\",\"@id\":\"https:\\\/\\\/valituvanlomamokit.fi\\\/de\\\/#organization\",\"name\":\"Ferienh\u00fctten V\u00e4litupa, Puruvesi, Finnland\",\"url\":\"https:\\\/\\\/valituvanlomamokit.fi\\\/de\\\/\",\"logo\":{\"@type\":\"ImageObject\",\"inLanguage\":\"de\",\"@id\":\"https:\\\/\\\/valituvanlomamokit.fi\\\/de\\\/#\\\/schema\\\/logo\\\/image\\\/\",\"url\":\"https:\\\/\\\/valituvanlomamokit.fi\\\/wp-content\\\/uploads\\\/2021\\\/05\\\/valituvanlomamokit-logo.svg\",\"contentUrl\":\"https:\\\/\\\/valituvanlomamokit.fi\\\/wp-content\\\/uploads\\\/2021\\\/05\\\/valituvanlomamokit-logo.svg\",\"width\":1,\"height\":1,\"caption\":\"Ferienh\u00fctten V\u00e4litupa, Puruvesi, Finnland\"},\"image\":{\"@id\":\"https:\\\/\\\/valituvanlomamokit.fi\\\/de\\\/#\\\/schema\\\/logo\\\/image\\\/\"},\"sameAs\":[\"https:\\\/\\\/www.facebook.com\\\/valituvanlomamokit\"]}]}<\/script>\n<!-- \/ Yoast SEO plugin. -->","yoast_head_json":{"title":"Rotes Ferienhaus - Ferienh\u00fctten V\u00e4litupa, Puruvesi, Finnland","description":"Blockvilla am Ufer des Sees mit einer Gesamtfl\u00e4che von 60 m2.Bedden f\u00fcr vier. Wohnzimmer und Specksteinkamin","robots":{"index":"index","follow":"follow","max-snippet":"max-snippet:-1","max-image-preview":"max-image-preview:large","max-video-preview":"max-video-preview:-1"},"canonical":"https:\/\/valituvanlomamokit.fi\/de\/rotes-ferienhaus\/","og_locale":"de_DE","og_type":"article","og_title":"Rotes Ferienhaus - Ferienh\u00fctten V\u00e4litupa, Puruvesi, Finnland","og_description":"Blockvilla am Ufer des Sees mit einer Gesamtfl\u00e4che von 60 m2.Bedden f\u00fcr vier. Wohnzimmer und Specksteinkamin","og_url":"https:\/\/valituvanlomamokit.fi\/de\/rotes-ferienhaus\/","og_site_name":"Ferienh\u00fctten V\u00e4litupa, Puruvesi, Finnland","article_publisher":"https:\/\/www.facebook.com\/valituvanlomamokit","article_modified_time":"2026-04-23T07:51:09+00:00","og_image":[{"width":1024,"height":768,"url":"https:\/\/valituvanlomamokit.fi\/wp-content\/uploads\/2021\/05\/valituvanmokit-ulko-kesa4.jpg","type":"image\/jpeg"}],"twitter_card":"summary_large_image","twitter_misc":{"Gesch\u00e4tzte Lesezeit":"3\u00a0Minuten"},"schema":{"@context":"https:\/\/schema.org","@graph":[{"@type":"WebPage","@id":"https:\/\/valituvanlomamokit.fi\/de\/rotes-ferienhaus\/","url":"https:\/\/valituvanlomamokit.fi\/de\/rotes-ferienhaus\/","name":"Rotes Ferienhaus - Ferienh\u00fctten V\u00e4litupa, Puruvesi, Finnland","isPartOf":{"@id":"https:\/\/valituvanlomamokit.fi\/de\/#website"},"primaryImageOfPage":{"@id":"https:\/\/valituvanlomamokit.fi\/de\/rotes-ferienhaus\/#primaryimage"},"image":{"@id":"https:\/\/valituvanlomamokit.fi\/de\/rotes-ferienhaus\/#primaryimage"},"thumbnailUrl":"https:\/\/valituvanlomamokit.fi\/wp-content\/uploads\/2021\/05\/valituvanmokit-ulko-kesa4.jpg","datePublished":"2021-06-24T09:49:24+00:00","dateModified":"2026-04-23T07:51:09+00:00","description":"Blockvilla am Ufer des Sees mit einer Gesamtfl\u00e4che von 60 m2.Bedden f\u00fcr vier. Wohnzimmer und Specksteinkamin","breadcrumb":{"@id":"https:\/\/valituvanlomamokit.fi\/de\/rotes-ferienhaus\/#breadcrumb"},"inLanguage":"de","potentialAction":[{"@type":"ReadAction","target":["https:\/\/valituvanlomamokit.fi\/de\/rotes-ferienhaus\/"]}]},{"@type":"ImageObject","inLanguage":"de","@id":"https:\/\/valituvanlomamokit.fi\/de\/rotes-ferienhaus\/#primaryimage","url":"https:\/\/valituvanlomamokit.fi\/wp-content\/uploads\/2021\/05\/valituvanmokit-ulko-kesa4.jpg","contentUrl":"https:\/\/valituvanlomamokit.fi\/wp-content\/uploads\/2021\/05\/valituvanmokit-ulko-kesa4.jpg","width":1024,"height":768},{"@type":"BreadcrumbList","@id":"https:\/\/valituvanlomamokit.fi\/de\/rotes-ferienhaus\/#breadcrumb","itemListElement":[{"@type":"ListItem","position":1,"name":"Etusivu","item":"https:\/\/valituvanlomamokit.fi\/de\/"},{"@type":"ListItem","position":2,"name":"Rotes Ferienhaus"}]},{"@type":"WebSite","@id":"https:\/\/valituvanlomamokit.fi\/de\/#website","url":"https:\/\/valituvanlomamokit.fi\/de\/","name":"Ferienh\u00fctten V\u00e4litupa, Puruvesi, Finnland","description":"Unterkunft am Ufer des Sees Puruvesi","publisher":{"@id":"https:\/\/valituvanlomamokit.fi\/de\/#organization"},"alternateName":"Ymp\u00e4rivuotisia vuokram\u00f6kkej\u00e4","potentialAction":[{"@type":"SearchAction","target":{"@type":"EntryPoint","urlTemplate":"https:\/\/valituvanlomamokit.fi\/de\/?s={search_term_string}"},"query-input":{"@type":"PropertyValueSpecification","valueRequired":true,"valueName":"search_term_string"}}],"inLanguage":"de"},{"@type":"Organization","@id":"https:\/\/valituvanlomamokit.fi\/de\/#organization","name":"Ferienh\u00fctten V\u00e4litupa, Puruvesi, Finnland","url":"https:\/\/valituvanlomamokit.fi\/de\/","logo":{"@type":"ImageObject","inLanguage":"de","@id":"https:\/\/valituvanlomamokit.fi\/de\/#\/schema\/logo\/image\/","url":"https:\/\/valituvanlomamokit.fi\/wp-content\/uploads\/2021\/05\/valituvanlomamokit-logo.svg","contentUrl":"https:\/\/valituvanlomamokit.fi\/wp-content\/uploads\/2021\/05\/valituvanlomamokit-logo.svg","width":1,"height":1,"caption":"Ferienh\u00fctten V\u00e4litupa, Puruvesi, Finnland"},"image":{"@id":"https:\/\/valituvanlomamokit.fi\/de\/#\/schema\/logo\/image\/"},"sameAs":["https:\/\/www.facebook.com\/valituvanlomamokit"]}]}},"_links":{"self":[{"href":"https:\/\/valituvanlomamokit.fi\/de\/wp-json\/wp\/v2\/pages\/1372","targetHints":{"allow":["GET"]}}],"collection":[{"href":"https:\/\/valituvanlomamokit.fi\/de\/wp-json\/wp\/v2\/pages"}],"about":[{"href":"https:\/\/valituvanlomamokit.fi\/de\/wp-json\/wp\/v2\/types\/page"}],"author":[{"embeddable":true,"href":"https:\/\/valituvanlomamokit.fi\/de\/wp-json\/wp\/v2\/users\/1"}],"replies":[{"embeddable":true,"href":"https:\/\/valituvanlomamokit.fi\/de\/wp-json\/wp\/v2\/comments?post=1372"}],"version-history":[{"count":14,"href":"https:\/\/valituvanlomamokit.fi\/de\/wp-json\/wp\/v2\/pages\/1372\/revisions"}],"predecessor-version":[{"id":2695,"href":"https:\/\/valituvanlomamokit.fi\/de\/wp-json\/wp\/v2\/pages\/1372\/revisions\/2695"}],"wp:featuredmedia":[{"embeddable":true,"href":"https:\/\/valituvanlomamokit.fi\/de\/wp-json\/wp\/v2\/media\/1064"}],"wp:attachment":[{"href":"https:\/\/valituvanlomamokit.fi\/de\/wp-json\/wp\/v2\/media?parent=1372"}],"curies":[{"name":"wp","href":"https:\/\/api.w.org\/{rel}","templated":true}]}}