{"id":1333,"date":"2021-06-01T10:43:10","date_gmt":"2021-06-01T07:43:10","guid":{"rendered":"https:\/\/valituvanlomamokit.fi\/keltainen-mokki\/"},"modified":"2025-05-06T14:36:29","modified_gmt":"2025-05-06T11:36:29","slug":"yellow-cottage","status":"publish","type":"page","link":"https:\/\/valituvanlomamokit.fi\/en\/yellow-cottage\/","title":{"rendered":"Yellow Cottage"},"content":{"rendered":"<h1>Yellow Cottage<\/h1>\n<div>\n<p>    <!-- BEGIN Moder Booking Widget --><\/p>\n<div id=\"moder-embed\"><\/div>\n<p><script>\n    var ModerSettings = {\n        property: \"valituvan-lomamokit\",\n        roomTypeId: 5199,\n        language: \"en\"\n    };\n<\/script><\/p>\n<p><script src=\"https:\/\/moder-embeds-dev.s3.eu-north-1.amazonaws.com\/bundle.js\" defer><\/script><br \/>\n<!-- END Moder Booking Widget --><\/p>\n<\/div>\n<h2>\n<p>A log cottage built in 2007 in Punkaharju (Eastern Finland), on the shores of the clear Puruvesi Lake in the village of Vaara, with a total area of 85m<sup>2<\/sup>.<\/p>\n<\/h2>\n<div>\n<ul>\n<li>2 double bedrooms, with the option of a double sofa bed<\/li>\n<li>A spacious living room with a fireplace<\/li>\n<li>sauna, washroom and dressing room<\/li>\n<li>WC<\/li>\n<li>three terraces, outdoor barbecue<\/li>\n<li>carport<\/li>\n<li>sandy beach, jetty and rowing boat<\/li>\n<\/ul>\n<p><strong>Accessories<\/strong><\/p>\n<ul>\n<li>fridge-freezer<\/li>\n<li>coffee machine and kettle<\/li>\n<li>microwave oven<\/li>\n<li>dishwasher<\/li>\n<li>stove and oven<\/li>\n<li>toaster<\/li>\n<li>washing machine, dryer, ironing equipment<\/li>\n<li>air source heat pump for heating and cooling<\/li>\n<li>WiFi, TV, DVD<\/li>\n<\/ul>\n<\/div>\n<ul>\n<li>\n<p>\n        <a href=\"tel: +358503309933\">+358 50 3309 933<\/a>\n    <\/p>\n<\/li>\n<li>\n<p>\n        <a href=\"mailto:info@valituvanlomamokit.fi\">info@valituvanlomamokit.fi<\/a>\n    <\/p>\n<\/li>\n<\/ul>\n<ul>\n<li>\n<p>        <img decoding=\"async\" src=\"\/wp-content\/uploads\/2024\/12\/keltainen-mokki-kesa-2024-2.jpg\" alt=\"\"><\/p>\n<h3>keltainen-mokki-kesa-2024-2<\/h3>\n<\/li>\n<li>\n<p>        <img decoding=\"async\" src=\"\/wp-content\/uploads\/2024\/12\/keltainen-mokki-kesa-2024-1.jpg\" alt=\"\"><\/p>\n<h3>keltainen-mokki-kesa-2024-1<\/h3>\n<\/li>\n<li>\n<p>        <img decoding=\"async\" src=\"\/wp-content\/uploads\/2024\/12\/keltainen-mokki-kesa-2024-3.jpg\" alt=\"\"><\/p>\n<h3>keltainen-mokki-kesa-2024-3<\/h3>\n<\/li>\n<li>\n<p>        <img decoding=\"async\" src=\"\/wp-content\/uploads\/2024\/12\/keltainen-mokki-kesa-2024-4.jpg\" alt=\"\"><\/p>\n<h3>keltainen-mokki-kesa-2024-4<\/h3>\n<\/li>\n<li>\n<p>        <img decoding=\"async\" src=\"\/wp-content\/uploads\/2021\/06\/keltainenmokki-terassi.jpg\" alt=\"\"><\/p>\n<h3>keltainenmokki-terassi<\/h3>\n<\/li>\n<li>\n<p>        <img decoding=\"async\" src=\"\/wp-content\/uploads\/2021\/06\/keltainenmokki-ruokailu.jpg\" alt=\"\"><\/p>\n<h3>keltainenmokki-ruokailu<\/h3>\n<\/li>\n<li>\n<p>        <img decoding=\"async\" src=\"\/wp-content\/uploads\/2021\/06\/keltainenmokki-oh2.jpg\" alt=\"\"><\/p>\n<h3>keltainenmokki-oh2<\/h3>\n<\/li>\n<li>\n<p>        <img decoding=\"async\" src=\"\/wp-content\/uploads\/2021\/06\/keltainenmokki-oh.jpg\" alt=\"\"><\/p>\n<h3>keltainenmokki-oh<\/h3>\n<\/li>\n<li>\n<p>        <img decoding=\"async\" src=\"\/wp-content\/uploads\/2021\/06\/keltainenmokki-keittio.jpg\" alt=\"\"><\/p>\n<h3>keltainenmokki-keittio<\/h3>\n<\/li>\n<li>\n<p>        <img decoding=\"async\" src=\"\/wp-content\/uploads\/2021\/06\/keltainenmokki-mh1.jpg\" alt=\"\"><\/p>\n<h3>keltainenmokki-mh1<\/h3>\n<\/li>\n<li>\n<p>        <img decoding=\"async\" src=\"\/wp-content\/uploads\/2021\/06\/keltainenmokki-mh.jpg\" alt=\"\"><\/p>\n<h3>keltainenmokki-mh<\/h3>\n<\/li>\n<li>\n<p>        <img decoding=\"async\" src=\"\/wp-content\/uploads\/2021\/06\/keltainenmokki-wc.jpg\" alt=\"\"><\/p>\n<h3>keltainenmokki-wc<\/h3>\n<\/li>\n<li>\n<p>        <img decoding=\"async\" src=\"\/wp-content\/uploads\/2021\/06\/keltainenmokki-pukuhuone.jpg\" alt=\"\"><\/p>\n<h3>keltainenmokki-pukuhuone<\/h3>\n<\/li>\n<li>\n<p>        <img decoding=\"async\" src=\"\/wp-content\/uploads\/2021\/06\/keltainenmokki-sauna.jpg\" alt=\"\"><\/p>\n<h3>keltainenmokki-sauna<\/h3>\n<\/li>\n<li>\n<p>        <img decoding=\"async\" src=\"\/wp-content\/uploads\/2021\/05\/valituvanmokit-laituri.jpg\" alt=\"\"><\/p>\n<h3>valituvanmokit-laituri<\/h3>\n<\/li>\n<\/ul>\n<p><!--more--><br \/>\n<!-- {\"type\":\"layout\",\"children\":[{\"type\":\"section\",\"props\":{\"id\":\"varaa\",\"image_position\":\"center-center\",\"padding\":\"small\",\"style\":\"secondary\",\"title_breakpoint\":\"xl\",\"title_position\":\"top-left\",\"title_rotation\":\"left\",\"vertical_align\":\"middle\",\"width\":\"default\"},\"children\":[{\"type\":\"row\",\"children\":[{\"type\":\"column\",\"props\":{\"image_position\":\"center-center\",\"position_sticky_breakpoint\":\"m\"},\"children\":[{\"type\":\"headline\",\"props\":{\"content\":\"Yellow Cottage\",\"title_element\":\"h1\",\"title_style\":\"heading-small\"}},{\"type\":\"html\",\"props\":{\"content\":\"<!-- BEGIN Moder Booking Widget -->\\n<\/p>\n<div id=\\\"moder-embed\\\"><\\\/div>\\n\\n<script>\\n    var ModerSettings = {\\n        property: \\\"valituvan-lomamokit\\\",\\n        roomTypeId: 5199,\\n        language: \\\"en\\\"\\n    };\\n<\\\/script>\\n\\n<script src=\\\"https:\\\/\\\/moder-embeds-dev.s3.eu-north-1.amazonaws.com\\\/bundle.js\\\" defer><\\\/script>\\n<!-- END Moder Booking Widget -->\\n\"}}]}]}],\"name\":\"varauskalenteriosio vihre\\u00e4\"},{\"type\":\"section\",\"props\":{\"image_position\":\"center-center\",\"style\":\"default\",\"title_breakpoint\":\"xl\",\"title_position\":\"top-left\",\"title_rotation\":\"left\",\"vertical_align\":\"\",\"width\":\"large\"},\"children\":[{\"type\":\"row\",\"props\":{\"layout\":\"2-5,3-5\"},\"children\":[{\"type\":\"column\",\"props\":{\"image_position\":\"center-center\",\"position_sticky_breakpoint\":\"m\",\"width_medium\":\"2-5\"},\"children\":[{\"type\":\"headline\",\"props\":{\"content\":\"<\/p>\n<p>A log cottage built in 2007 in Punkaharju (Eastern Finland), on the shores of the clear Puruvesi Lake in the village of Vaara, with a total area of 85m<sup>2<\\\/sup>.<\\\/p>\",\"title_element\":\"h2\",\"title_style\":\"h5\"},\"name\":\"kuvausteksti en\"},{\"type\":\"text\",\"props\":{\"column_breakpoint\":\"m\",\"content\":\"\\n<\/p>\n<ul>\\n<\/p>\n<li>2 double bedrooms, with the option of a double sofa bed<\\\/li>\\n\n<li>A spacious living room with a fireplace<\\\/li>\\n\n<li>sauna, washroom and dressing room<\\\/li>\\n\n<li>WC<\\\/li>\\n\n<li>three terraces, outdoor barbecue<\\\/li>\\n\n<li>carport<\\\/li>\\n\n<li>sandy beach, jetty and rowing boat<\\\/li>\\n<\\\/ul>\\n\n<p><strong>Accessories<\\\/strong><\\\/p>\\n<\/p>\n<ul>\\n<\/p>\n<li>fridge-freezer<\\\/li>\\n\n<li>coffee machine and kettle<\\\/li>\\n\n<li>microwave oven<\\\/li>\\n\n<li>dishwasher<\\\/li>\\n\n<li>stove and oven<\\\/li>\\n\n<li>toaster<\\\/li>\\n\n<li>washing machine, dryer, ironing equipment<\\\/li>\\n\n<li>air source heat pump for heating and cooling<\\\/li>\\n\n<li>WiFi, TV, DVD<\\\/li>\\n<\\\/ul>\",\"margin\":\"default\"}},{\"type\":\"button\",\"props\":{\"grid_column_gap\":\"small\",\"grid_row_gap\":\"small\",\"margin\":\"default\"},\"children\":[{\"type\":\"button_item\",\"props\":{\"button_style\":\"default\",\"content\":\"+358 50 3309 933\",\"dialog_layout\":\"modal\",\"dialog_offcanvas_flip\":true,\"icon_align\":\"left\",\"link\":\"tel: +358503309933\"}},{\"type\":\"button_item\",\"props\":{\"button_style\":\"default\",\"content\":\"info@valituvanlomamokit.fi\",\"dialog_layout\":\"modal\",\"dialog_offcanvas_flip\":true,\"icon_align\":\"left\",\"link\":\"mailto:info@valituvanlomamokit.fi\"}}],\"name\":\"puh ja email painikkeet3\"}]},{\"type\":\"column\",\"props\":{\"image_position\":\"center-center\",\"position_sticky_breakpoint\":\"m\",\"width_medium\":\"3-5\"},\"children\":[{\"type\":\"slideshow\",\"props\":{\"link_style\":\"default\",\"link_text\":\"Read more\",\"margin\":\"default\",\"meta_align\":\"below-title\",\"meta_element\":\"div\",\"meta_style\":\"text-meta\",\"nav\":\"thumbnav\",\"nav_align\":\"center\",\"nav_below\":true,\"nav_breakpoint\":\"s\",\"nav_margin\":\"small\",\"nav_position\":\"bottom-center\",\"nav_position_margin\":\"medium\",\"overlay_animation\":\"parallax\",\"overlay_position\":\"center-left\",\"show_content\":true,\"show_link\":true,\"show_meta\":false,\"show_thumbnail\":true,\"show_title\":false,\"slidenav\":\"default\",\"slidenav_breakpoint\":\"s\",\"slidenav_hover\":true,\"slidenav_large\":true,\"slidenav_margin\":\"medium\",\"slidenav_outside_breakpoint\":\"xl\",\"slideshow_autoplay_pause\":true,\"slideshow_max_height\":\"800\",\"slideshow_min_height\":300,\"thumbnav_height\":\"50\",\"thumbnav_nowrap\":false,\"thumbnav_svg_color\":\"emphasis\",\"thumbnav_width\":\"72\",\"title_element\":\"h3\",\"title_hover_style\":\"reset\"},\"children\":[{\"type\":\"slideshow_item\",\"props\":{\"image\":\"wp-content\\\/uploads\\\/2024\\\/12\\\/keltainen-mokki-kesa-2024-2.jpg\",\"title\":\"keltainen-mokki-kesa-2024-2\"}},{\"type\":\"slideshow_item\",\"props\":{\"image\":\"wp-content\\\/uploads\\\/2024\\\/12\\\/keltainen-mokki-kesa-2024-1.jpg\",\"title\":\"keltainen-mokki-kesa-2024-1\"}},{\"type\":\"slideshow_item\",\"props\":{\"image\":\"wp-content\\\/uploads\\\/2024\\\/12\\\/keltainen-mokki-kesa-2024-3.jpg\",\"title\":\"keltainen-mokki-kesa-2024-3\"}},{\"type\":\"slideshow_item\",\"props\":{\"image\":\"wp-content\\\/uploads\\\/2024\\\/12\\\/keltainen-mokki-kesa-2024-4.jpg\",\"title\":\"keltainen-mokki-kesa-2024-4\"}},{\"type\":\"slideshow_item\",\"props\":{\"image\":\"wp-content\\\/uploads\\\/2021\\\/06\\\/keltainenmokki-terassi.jpg\",\"title\":\"keltainenmokki-terassi\"}},{\"type\":\"slideshow_item\",\"props\":{\"image\":\"wp-content\\\/uploads\\\/2021\\\/06\\\/keltainenmokki-ruokailu.jpg\",\"title\":\"keltainenmokki-ruokailu\"}},{\"type\":\"slideshow_item\",\"props\":{\"image\":\"wp-content\\\/uploads\\\/2021\\\/06\\\/keltainenmokki-oh2.jpg\",\"title\":\"keltainenmokki-oh2\"}},{\"type\":\"slideshow_item\",\"props\":{\"image\":\"wp-content\\\/uploads\\\/2021\\\/06\\\/keltainenmokki-oh.jpg\",\"title\":\"keltainenmokki-oh\"}},{\"type\":\"slideshow_item\",\"props\":{\"image\":\"wp-content\\\/uploads\\\/2021\\\/06\\\/keltainenmokki-keittio.jpg\",\"title\":\"keltainenmokki-keittio\"}},{\"type\":\"slideshow_item\",\"props\":{\"image\":\"wp-content\\\/uploads\\\/2021\\\/06\\\/keltainenmokki-mh1.jpg\",\"title\":\"keltainenmokki-mh1\"}},{\"type\":\"slideshow_item\",\"props\":{\"image\":\"wp-content\\\/uploads\\\/2021\\\/06\\\/keltainenmokki-mh.jpg\",\"title\":\"keltainenmokki-mh\"}},{\"type\":\"slideshow_item\",\"props\":{\"image\":\"wp-content\\\/uploads\\\/2021\\\/06\\\/keltainenmokki-wc.jpg\",\"title\":\"keltainenmokki-wc\"}},{\"type\":\"slideshow_item\",\"props\":{\"image\":\"wp-content\\\/uploads\\\/2021\\\/06\\\/keltainenmokki-pukuhuone.jpg\",\"title\":\"keltainenmokki-pukuhuone\"}},{\"type\":\"slideshow_item\",\"props\":{\"image\":\"wp-content\\\/uploads\\\/2021\\\/06\\\/keltainenmokki-sauna.jpg\",\"title\":\"keltainenmokki-sauna\"}},{\"type\":\"slideshow_item\",\"props\":{\"image\":\"wp-content\\\/uploads\\\/2021\\\/05\\\/valituvanmokit-laituri.jpg\",\"title\":\"valituvanmokit-laituri\"}}]}]}]}]}],\"version\":\"4.5.14\"} --><br \/>\n","protected":false},"excerpt":{"rendered":"<p>Yellow Cottage A log cottage built in 2007 in Punkaharju (Eastern Finland), on the shores of the clear Puruvesi Lake in the village of Vaara, with a total area of 85m2. 2 double bedrooms, with the option of a double sofa bed A spacious living room with a fireplace sauna, washroom and dressing room WC [&hellip;]<\/p>\n","protected":false},"author":1,"featured_media":1055,"parent":0,"menu_order":0,"comment_status":"closed","ping_status":"closed","template":"","meta":{"footnotes":""},"class_list":["post-1333","page","type-page","status-publish","has-post-thumbnail","hentry"],"yoast_head":"<!-- This site is optimized with the Yoast SEO plugin v27.1.1 - https:\/\/yoast.com\/product\/yoast-seo-wordpress\/ -->\n<title>Yellow Cottage - V\u00e4litupa Holiday Cottages, Puruvesi, Finland<\/title>\n<meta name=\"description\" content=\"A log cottage on the shore of the lake, with a total area of 85 m2. Beds for four and two extra beds. Living room with a fireplace, outdoor barbecue\" \/>\n<meta name=\"robots\" content=\"index, follow, max-snippet:-1, max-image-preview:large, max-video-preview:-1\" \/>\n<link rel=\"canonical\" href=\"https:\/\/valituvanlomamokit.fi\/en\/yellow-cottage\/\" \/>\n<meta property=\"og:locale\" content=\"en_US\" \/>\n<meta property=\"og:type\" content=\"article\" \/>\n<meta property=\"og:title\" content=\"Yellow Cottage - V\u00e4litupa Holiday Cottages, Puruvesi, Finland\" \/>\n<meta property=\"og:description\" content=\"A log cottage on the shore of the lake, with a total area of 85 m2. Beds for four and two extra beds. Living room with a fireplace, outdoor barbecue\" \/>\n<meta property=\"og:url\" content=\"https:\/\/valituvanlomamokit.fi\/en\/yellow-cottage\/\" \/>\n<meta property=\"og:site_name\" content=\"V\u00e4litupa Holiday Cottages, Puruvesi, Finland\" \/>\n<meta property=\"article:publisher\" content=\"https:\/\/www.facebook.com\/valituvanlomamokit\" \/>\n<meta property=\"article:modified_time\" content=\"2025-05-06T11:36:29+00:00\" \/>\n<meta property=\"og:image\" content=\"https:\/\/valituvanlomamokit.fi\/wp-content\/uploads\/2021\/06\/keltainenmokki-piha2.jpg\" \/>\n\t<meta property=\"og:image:width\" content=\"819\" \/>\n\t<meta property=\"og:image:height\" content=\"614\" \/>\n\t<meta property=\"og:image:type\" content=\"image\/jpeg\" \/>\n<meta name=\"twitter:card\" content=\"summary_large_image\" \/>\n<meta name=\"twitter:label1\" content=\"Est. reading time\" \/>\n\t<meta name=\"twitter:data1\" content=\"3 minutes\" \/>\n<script type=\"application\/ld+json\" class=\"yoast-schema-graph\">{\"@context\":\"https:\/\/schema.org\",\"@graph\":[{\"@type\":\"WebPage\",\"@id\":\"https:\/\/valituvanlomamokit.fi\/en\/yellow-cottage\/\",\"url\":\"https:\/\/valituvanlomamokit.fi\/en\/yellow-cottage\/\",\"name\":\"Yellow Cottage - V\u00e4litupa Holiday Cottages, Puruvesi, Finland\",\"isPartOf\":{\"@id\":\"https:\/\/valituvanlomamokit.fi\/en\/#website\"},\"primaryImageOfPage\":{\"@id\":\"https:\/\/valituvanlomamokit.fi\/en\/yellow-cottage\/#primaryimage\"},\"image\":{\"@id\":\"https:\/\/valituvanlomamokit.fi\/en\/yellow-cottage\/#primaryimage\"},\"thumbnailUrl\":\"https:\/\/valituvanlomamokit.fi\/wp-content\/uploads\/2021\/06\/keltainenmokki-piha2.jpg\",\"datePublished\":\"2021-06-01T07:43:10+00:00\",\"dateModified\":\"2025-05-06T11:36:29+00:00\",\"description\":\"A log cottage on the shore of the lake, with a total area of 85 m2. Beds for four and two extra beds. Living room with a fireplace, outdoor barbecue\",\"breadcrumb\":{\"@id\":\"https:\/\/valituvanlomamokit.fi\/en\/yellow-cottage\/#breadcrumb\"},\"inLanguage\":\"en-US\",\"potentialAction\":[{\"@type\":\"ReadAction\",\"target\":[\"https:\/\/valituvanlomamokit.fi\/en\/yellow-cottage\/\"]}]},{\"@type\":\"ImageObject\",\"inLanguage\":\"en-US\",\"@id\":\"https:\/\/valituvanlomamokit.fi\/en\/yellow-cottage\/#primaryimage\",\"url\":\"https:\/\/valituvanlomamokit.fi\/wp-content\/uploads\/2021\/06\/keltainenmokki-piha2.jpg\",\"contentUrl\":\"https:\/\/valituvanlomamokit.fi\/wp-content\/uploads\/2021\/06\/keltainenmokki-piha2.jpg\",\"width\":819,\"height\":614},{\"@type\":\"BreadcrumbList\",\"@id\":\"https:\/\/valituvanlomamokit.fi\/en\/yellow-cottage\/#breadcrumb\",\"itemListElement\":[{\"@type\":\"ListItem\",\"position\":1,\"name\":\"Etusivu\",\"item\":\"https:\/\/valituvanlomamokit.fi\/en\/\"},{\"@type\":\"ListItem\",\"position\":2,\"name\":\"Yellow Cottage\"}]},{\"@type\":\"WebSite\",\"@id\":\"https:\/\/valituvanlomamokit.fi\/en\/#website\",\"url\":\"https:\/\/valituvanlomamokit.fi\/en\/\",\"name\":\"V\u00e4litupa Holiday Cottages, Puruvesi, Finland\",\"description\":\"Accommodation on the shores of Puruvesi\",\"publisher\":{\"@id\":\"https:\/\/valituvanlomamokit.fi\/en\/#organization\"},\"alternateName\":\"Ymp\u00e4rivuotisia vuokram\u00f6kkej\u00e4\",\"potentialAction\":[{\"@type\":\"SearchAction\",\"target\":{\"@type\":\"EntryPoint\",\"urlTemplate\":\"https:\/\/valituvanlomamokit.fi\/en\/?s={search_term_string}\"},\"query-input\":{\"@type\":\"PropertyValueSpecification\",\"valueRequired\":true,\"valueName\":\"search_term_string\"}}],\"inLanguage\":\"en-US\"},{\"@type\":\"Organization\",\"@id\":\"https:\/\/valituvanlomamokit.fi\/en\/#organization\",\"name\":\"V\u00e4litupa Holiday Cottages, Puruvesi, Finland\",\"url\":\"https:\/\/valituvanlomamokit.fi\/en\/\",\"logo\":{\"@type\":\"ImageObject\",\"inLanguage\":\"en-US\",\"@id\":\"https:\/\/valituvanlomamokit.fi\/en\/#\/schema\/logo\/image\/\",\"url\":\"https:\/\/valituvanlomamokit.fi\/wp-content\/uploads\/2021\/05\/valituvanlomamokit-logo.svg\",\"contentUrl\":\"https:\/\/valituvanlomamokit.fi\/wp-content\/uploads\/2021\/05\/valituvanlomamokit-logo.svg\",\"width\":1,\"height\":1,\"caption\":\"V\u00e4litupa Holiday Cottages, Puruvesi, Finland\"},\"image\":{\"@id\":\"https:\/\/valituvanlomamokit.fi\/en\/#\/schema\/logo\/image\/\"},\"sameAs\":[\"https:\/\/www.facebook.com\/valituvanlomamokit\"]}]}<\/script>\n<!-- \/ Yoast SEO plugin. -->","yoast_head_json":{"title":"Yellow Cottage - V\u00e4litupa Holiday Cottages, Puruvesi, Finland","description":"A log cottage on the shore of the lake, with a total area of 85 m2. Beds for four and two extra beds. Living room with a fireplace, outdoor barbecue","robots":{"index":"index","follow":"follow","max-snippet":"max-snippet:-1","max-image-preview":"max-image-preview:large","max-video-preview":"max-video-preview:-1"},"canonical":"https:\/\/valituvanlomamokit.fi\/en\/yellow-cottage\/","og_locale":"en_US","og_type":"article","og_title":"Yellow Cottage - V\u00e4litupa Holiday Cottages, Puruvesi, Finland","og_description":"A log cottage on the shore of the lake, with a total area of 85 m2. Beds for four and two extra beds. Living room with a fireplace, outdoor barbecue","og_url":"https:\/\/valituvanlomamokit.fi\/en\/yellow-cottage\/","og_site_name":"V\u00e4litupa Holiday Cottages, Puruvesi, Finland","article_publisher":"https:\/\/www.facebook.com\/valituvanlomamokit","article_modified_time":"2025-05-06T11:36:29+00:00","og_image":[{"width":819,"height":614,"url":"https:\/\/valituvanlomamokit.fi\/wp-content\/uploads\/2021\/06\/keltainenmokki-piha2.jpg","type":"image\/jpeg"}],"twitter_card":"summary_large_image","twitter_misc":{"Est. reading time":"3 minutes"},"schema":{"@context":"https:\/\/schema.org","@graph":[{"@type":"WebPage","@id":"https:\/\/valituvanlomamokit.fi\/en\/yellow-cottage\/","url":"https:\/\/valituvanlomamokit.fi\/en\/yellow-cottage\/","name":"Yellow Cottage - V\u00e4litupa Holiday Cottages, Puruvesi, Finland","isPartOf":{"@id":"https:\/\/valituvanlomamokit.fi\/en\/#website"},"primaryImageOfPage":{"@id":"https:\/\/valituvanlomamokit.fi\/en\/yellow-cottage\/#primaryimage"},"image":{"@id":"https:\/\/valituvanlomamokit.fi\/en\/yellow-cottage\/#primaryimage"},"thumbnailUrl":"https:\/\/valituvanlomamokit.fi\/wp-content\/uploads\/2021\/06\/keltainenmokki-piha2.jpg","datePublished":"2021-06-01T07:43:10+00:00","dateModified":"2025-05-06T11:36:29+00:00","description":"A log cottage on the shore of the lake, with a total area of 85 m2. Beds for four and two extra beds. Living room with a fireplace, outdoor barbecue","breadcrumb":{"@id":"https:\/\/valituvanlomamokit.fi\/en\/yellow-cottage\/#breadcrumb"},"inLanguage":"en-US","potentialAction":[{"@type":"ReadAction","target":["https:\/\/valituvanlomamokit.fi\/en\/yellow-cottage\/"]}]},{"@type":"ImageObject","inLanguage":"en-US","@id":"https:\/\/valituvanlomamokit.fi\/en\/yellow-cottage\/#primaryimage","url":"https:\/\/valituvanlomamokit.fi\/wp-content\/uploads\/2021\/06\/keltainenmokki-piha2.jpg","contentUrl":"https:\/\/valituvanlomamokit.fi\/wp-content\/uploads\/2021\/06\/keltainenmokki-piha2.jpg","width":819,"height":614},{"@type":"BreadcrumbList","@id":"https:\/\/valituvanlomamokit.fi\/en\/yellow-cottage\/#breadcrumb","itemListElement":[{"@type":"ListItem","position":1,"name":"Etusivu","item":"https:\/\/valituvanlomamokit.fi\/en\/"},{"@type":"ListItem","position":2,"name":"Yellow Cottage"}]},{"@type":"WebSite","@id":"https:\/\/valituvanlomamokit.fi\/en\/#website","url":"https:\/\/valituvanlomamokit.fi\/en\/","name":"V\u00e4litupa Holiday Cottages, Puruvesi, Finland","description":"Accommodation on the shores of Puruvesi","publisher":{"@id":"https:\/\/valituvanlomamokit.fi\/en\/#organization"},"alternateName":"Ymp\u00e4rivuotisia vuokram\u00f6kkej\u00e4","potentialAction":[{"@type":"SearchAction","target":{"@type":"EntryPoint","urlTemplate":"https:\/\/valituvanlomamokit.fi\/en\/?s={search_term_string}"},"query-input":{"@type":"PropertyValueSpecification","valueRequired":true,"valueName":"search_term_string"}}],"inLanguage":"en-US"},{"@type":"Organization","@id":"https:\/\/valituvanlomamokit.fi\/en\/#organization","name":"V\u00e4litupa Holiday Cottages, Puruvesi, Finland","url":"https:\/\/valituvanlomamokit.fi\/en\/","logo":{"@type":"ImageObject","inLanguage":"en-US","@id":"https:\/\/valituvanlomamokit.fi\/en\/#\/schema\/logo\/image\/","url":"https:\/\/valituvanlomamokit.fi\/wp-content\/uploads\/2021\/05\/valituvanlomamokit-logo.svg","contentUrl":"https:\/\/valituvanlomamokit.fi\/wp-content\/uploads\/2021\/05\/valituvanlomamokit-logo.svg","width":1,"height":1,"caption":"V\u00e4litupa Holiday Cottages, Puruvesi, Finland"},"image":{"@id":"https:\/\/valituvanlomamokit.fi\/en\/#\/schema\/logo\/image\/"},"sameAs":["https:\/\/www.facebook.com\/valituvanlomamokit"]}]}},"_links":{"self":[{"href":"https:\/\/valituvanlomamokit.fi\/en\/wp-json\/wp\/v2\/pages\/1333","targetHints":{"allow":["GET"]}}],"collection":[{"href":"https:\/\/valituvanlomamokit.fi\/en\/wp-json\/wp\/v2\/pages"}],"about":[{"href":"https:\/\/valituvanlomamokit.fi\/en\/wp-json\/wp\/v2\/types\/page"}],"author":[{"embeddable":true,"href":"https:\/\/valituvanlomamokit.fi\/en\/wp-json\/wp\/v2\/users\/1"}],"replies":[{"embeddable":true,"href":"https:\/\/valituvanlomamokit.fi\/en\/wp-json\/wp\/v2\/comments?post=1333"}],"version-history":[{"count":13,"href":"https:\/\/valituvanlomamokit.fi\/en\/wp-json\/wp\/v2\/pages\/1333\/revisions"}],"predecessor-version":[{"id":2338,"href":"https:\/\/valituvanlomamokit.fi\/en\/wp-json\/wp\/v2\/pages\/1333\/revisions\/2338"}],"wp:featuredmedia":[{"embeddable":true,"href":"https:\/\/valituvanlomamokit.fi\/en\/wp-json\/wp\/v2\/media\/1055"}],"wp:attachment":[{"href":"https:\/\/valituvanlomamokit.fi\/en\/wp-json\/wp\/v2\/media?parent=1333"}],"curies":[{"name":"wp","href":"https:\/\/api.w.org\/{rel}","templated":true}]}}