{"id":1347,"date":"2021-06-24T13:03:11","date_gmt":"2021-06-24T10:03:11","guid":{"rendered":"https:\/\/valituvanlomamokit.fi\/sininen-mokki\/"},"modified":"2025-05-06T14:35:04","modified_gmt":"2025-05-06T11:35:04","slug":"blue-cottage","status":"publish","type":"page","link":"https:\/\/valituvanlomamokit.fi\/en\/blue-cottage\/","title":{"rendered":"Blue Cottage"},"content":{"rendered":"<h1>Blue Cottage<\/h1>\n<div>\n<p>    <!-- BEGIN Moder Booking Widget --><\/p>\n<div id=\"moder-embed\"><\/div>\n<p><script>\n    var ModerSettings = {\n        property: \"valituvan-lomamokit\",\n        roomTypeId: 5210,\n        language: \"en\"\n    };\n<\/script><\/p>\n<p><script src=\"https:\/\/moder-embeds-dev.s3.eu-north-1.amazonaws.com\/bundle.js\" defer><\/script><br \/>\n<!-- END Moder Booking Widget --><\/p>\n<\/div>\n<h2>\n<p>A log cottage built in 1999 in Punkaharju (Eastern Finland), on the shores of the clear Puruvesi Lake in the village of Vaara, with a total area of 89 m2.<\/p>\n<\/h2>\n<div>\n<ul>\n<li>2 double bedrooms, with the option of a double sofa bed<\/li>\n<li>a spacious living room with a fireplace\/baking oven<\/li>\n<li>sauna, washroom and dressing room<\/li>\n<li>WC<\/li>\n<li>terrace, outdoor barbecue and<br \/>patio<\/li>\n<li>carport<\/li>\n<li>sandy beach, jetty and rowing boat<\/li>\n<\/ul>\n<p><strong>Accessories<\/strong><\/p>\n<ul>\n<li>combi cabinet<\/li>\n<li>coffee machine and kettle<\/li>\n<li>microwave oven<\/li>\n<li>dishwasher<\/li>\n<li>stove and oven<\/li>\n<li>toaster<\/li>\n<li>washing machine, dryer, ironing equipment<\/li>\n<li>air source heat pump for heating and cooling<\/li>\n<li>WiFi, TV, DVD<\/li>\n<\/ul>\n<\/div>\n<ul>\n<li>\n<p>\n        <a href=\"tel: +358503309933\">+358 50 3309 933<\/a>\n    <\/p>\n<\/li>\n<li>\n<p>\n        <a href=\"mailto:info@valituvanlomamokit.fi\">info@valituvanlomamokit.fi<\/a>\n    <\/p>\n<\/li>\n<\/ul>\n<ul>\n<li>\n<p>        <img decoding=\"async\" src=\"\/wp-content\/uploads\/2023\/11\/sininen-ulko-talvi.jpg\" alt=\"\"><\/p>\n<h3>valituvanmokit-ulko-kesa3<\/h3>\n<\/li>\n<li>\n<p>        <img decoding=\"async\" src=\"\/wp-content\/uploads\/2023\/11\/sininen-oh1.jpg\" alt=\"\"><\/p>\n<h3>sininen-oh1<\/h3>\n<\/li>\n<li>\n<p>        <img decoding=\"async\" src=\"\/wp-content\/uploads\/2023\/11\/sininen-oh2.jpg\" alt=\"\"><\/p>\n<h3>sininen-oh2<\/h3>\n<\/li>\n<li>\n<p>        <img decoding=\"async\" src=\"\/wp-content\/uploads\/2023\/11\/sininen-oh3.jpg\" alt=\"\"><\/p>\n<h3>sininen-oh3<\/h3>\n<\/li>\n<li>\n<p>        <img decoding=\"async\" src=\"\/wp-content\/uploads\/2023\/11\/sininen-oh4.jpg\" alt=\"\"><\/p>\n<h3>sininen-oh4<\/h3>\n<\/li>\n<li>\n<p>        <img decoding=\"async\" src=\"\/wp-content\/uploads\/2023\/11\/sininen-oh5.jpg\" alt=\"\"><\/p>\n<h3>sininen-oh5<\/h3>\n<\/li>\n<li>\n<p>        <img decoding=\"async\" src=\"\/wp-content\/uploads\/2023\/11\/sininen-keittio.jpg\" alt=\"\"><\/p>\n<h3>sininen-keittio<\/h3>\n<\/li>\n<li>\n<p>        <img decoding=\"async\" src=\"\/wp-content\/uploads\/2023\/11\/sininen-mh11.jpg\" alt=\"\"><\/p>\n<h3>sininen-mh11<\/h3>\n<\/li>\n<li>\n<p>        <img decoding=\"async\" src=\"\/wp-content\/uploads\/2023\/11\/sininen-mh2.jpg\" alt=\"\"><\/p>\n<h3>sininen-mh2<\/h3>\n<\/li>\n<li>\n<p>        <img decoding=\"async\" src=\"\/wp-content\/uploads\/2023\/11\/sininen-mh3.jpg\" alt=\"\"><\/p>\n<h3>sininen-mh3<\/h3>\n<\/li>\n<li>\n<p>        <img decoding=\"async\" src=\"\/wp-content\/uploads\/2021\/12\/sininen-kylpyhuone-2021.jpg\" alt=\"\"><\/p>\n<h3>sininen-kylpyhuone-2021<\/h3>\n<\/li>\n<li>\n<p>        <img decoding=\"async\" src=\"\/wp-content\/uploads\/2021\/12\/sininen-sauna-2021.jpg\" alt=\"\"><\/p>\n<h3>sininen-sauna-2021<\/h3>\n<\/li>\n<li>\n<p>        <img decoding=\"async\" src=\"\/wp-content\/uploads\/2021\/12\/sininen-sauna2-2021.jpg\" alt=\"\"><\/p>\n<h3>sininen-sauna2-2021<\/h3>\n<\/li>\n<li>\n<p>        <img decoding=\"async\" src=\"\/wp-content\/uploads\/2023\/11\/sininen-wc.jpg\" alt=\"\"><\/p>\n<h3>sininen-wc<\/h3>\n<\/li>\n<li>\n<p>        <img decoding=\"async\" src=\"\/wp-content\/uploads\/2021\/06\/sininenmokki-ranta.jpg\" alt=\"\"><\/p>\n<h3>sininenmokki-ranta<\/h3>\n<\/li>\n<li>\n<p>        <img decoding=\"async\" src=\"\/wp-content\/uploads\/2023\/11\/sininen-jarvi-kesa.jpg\" alt=\"\"><\/p>\n<h3>sininen-jarvi-kesa<\/h3>\n<\/li>\n<li>\n<p>        <img decoding=\"async\" src=\"\/wp-content\/uploads\/2021\/07\/Sininen-laituri.jpg\" alt=\"\"><\/p>\n<h3>Sininen-laituri<\/h3>\n<\/li>\n<li>\n<p>        <img decoding=\"async\" src=\"\/wp-content\/uploads\/2021\/07\/Sininen-patio-1.jpg\" alt=\"\"><\/p>\n<h3>Sininen-patio-1<\/h3>\n<\/li>\n<li>\n<p>        <img decoding=\"async\" src=\"\/wp-content\/uploads\/2021\/07\/Sininen-patio-2.jpg\" alt=\"\"><\/p>\n<h3>Sininen-patio-2<\/h3>\n<\/li>\n<li>\n<p>        <img decoding=\"async\" src=\"\/wp-content\/uploads\/2021\/07\/Sininen-patio-3.jpg\" alt=\"\"><\/p>\n<h3>Sininen-patio-3<\/h3>\n<\/li>\n<li>\n<p>        <img decoding=\"async\" src=\"\/wp-content\/uploads\/2021\/07\/Sininen-terassi-1.jpg\" alt=\"\"><\/p>\n<h3>Sininen-terassi-1<\/h3>\n<\/li>\n<li>\n<p>        <img decoding=\"async\" src=\"\/wp-content\/uploads\/2021\/07\/Sininen-terassi-2.jpg\" alt=\"\"><\/p>\n<h3>Sininen-terassi-2<\/h3>\n<\/li>\n<li>\n<p>        <img decoding=\"async\" src=\"\/wp-content\/uploads\/2021\/06\/sininenmokki-piha-talvi.jpg\" alt=\"\"><\/p>\n<h3>sininenmokki-piha-talvi<\/h3>\n<\/li>\n<li>\n<p>        <img decoding=\"async\" src=\"\/wp-content\/uploads\/2021\/07\/Blue-cottage-from-the-lake-on-the-left.jpg\" alt=\"\"><\/p>\n<h3>Blue-cottage-from-the-lake-on-the-left<\/h3>\n<\/li>\n<\/ul>\n<p><!--more--><br \/>\n<!-- {\"name\":\"keltainen m\\u00f6kki\",\"type\":\"layout\",\"children\":[{\"type\":\"section\",\"props\":{\"id\":\"varaa\",\"image_position\":\"center-center\",\"padding\":\"small\",\"style\":\"secondary\",\"title_breakpoint\":\"xl\",\"title_position\":\"top-left\",\"title_rotation\":\"left\",\"vertical_align\":\"middle\",\"width\":\"default\"},\"children\":[{\"type\":\"row\",\"children\":[{\"type\":\"column\",\"props\":{\"image_position\":\"center-center\",\"position_sticky_breakpoint\":\"m\"},\"children\":[{\"type\":\"headline\",\"props\":{\"content\":\"Blue Cottage\",\"title_element\":\"h1\",\"title_style\":\"heading-small\"}},{\"type\":\"html\",\"props\":{\"content\":\"<!-- BEGIN Moder Booking Widget -->\\n<\/p>\n<div id=\\\"moder-embed\\\"><\\\/div>\\n\\n<script>\\n    var ModerSettings = {\\n        property: \\\"valituvan-lomamokit\\\",\\n        roomTypeId: 5210,\\n        language: \\\"en\\\"\\n    };\\n<\\\/script>\\n\\n<script src=\\\"https:\\\/\\\/moder-embeds-dev.s3.eu-north-1.amazonaws.com\\\/bundle.js\\\" defer><\\\/script>\\n<!-- END Moder Booking Widget -->\\n\"}}]}]}],\"name\":\"varauskalenteriosio vihre\\u00e4\"},{\"type\":\"section\",\"props\":{\"image_position\":\"center-center\",\"style\":\"default\",\"title_breakpoint\":\"xl\",\"title_position\":\"top-left\",\"title_rotation\":\"left\",\"vertical_align\":\"\",\"width\":\"large\"},\"children\":[{\"type\":\"row\",\"props\":{\"layout\":\"2-5,3-5\"},\"children\":[{\"type\":\"column\",\"props\":{\"image_position\":\"center-center\",\"position_sticky_breakpoint\":\"m\",\"width_medium\":\"2-5\"},\"children\":[{\"type\":\"headline\",\"props\":{\"content\":\"<\/p>\n<p>A log cottage built in 1999 in Punkaharju (Eastern Finland), on the shores of the clear Puruvesi Lake in the village of Vaara, with a total area of 89 m2.<\\\/p>\",\"title_element\":\"h2\",\"title_style\":\"h5\"},\"name\":\"kuvausteksti en\"},{\"type\":\"text\",\"props\":{\"column_breakpoint\":\"m\",\"content\":\"<\/p>\n<ul>\\n<\/p>\n<li>2 double bedrooms, with the option of a double sofa bed<\\\/li>\\n\n<li>a spacious living room with a fireplace\\\/baking oven<\\\/li>\\n\n<li>sauna, washroom and dressing room<\\\/li>\\n\n<li>WC<\\\/li>\\n\n<li>terrace, outdoor barbecue and<br \\\/>patio<\\\/li>\\n\n<li>carport<\\\/li>\\n\n<li>sandy beach, jetty and rowing boat<\\\/li>\\n<\\\/ul>\\n\n<p><strong>Accessories<\\\/strong><\\\/p>\\n<\/p>\n<ul>\\n<\/p>\n<li>combi cabinet<\\\/li>\\n\n<li>coffee machine and kettle<\\\/li>\\n\n<li>microwave oven<\\\/li>\\n\n<li>dishwasher<\\\/li>\\n\n<li>stove and oven<\\\/li>\\n\n<li>toaster<\\\/li>\\n\n<li>washing machine, dryer, ironing equipment<\\\/li>\\n\n<li>air source heat pump for heating and cooling<\\\/li>\\n\n<li>WiFi, TV, DVD<\\\/li>\\n<\\\/ul>\",\"margin\":\"default\"}},{\"type\":\"button\",\"props\":{\"grid_column_gap\":\"small\",\"grid_row_gap\":\"small\",\"margin\":\"default\"},\"children\":[{\"type\":\"button_item\",\"props\":{\"button_style\":\"default\",\"content\":\"+358 50 3309 933\",\"dialog_layout\":\"modal\",\"dialog_offcanvas_flip\":true,\"icon_align\":\"left\",\"link\":\"tel: +358503309933\"}},{\"type\":\"button_item\",\"props\":{\"button_style\":\"default\",\"content\":\"info@valituvanlomamokit.fi\",\"dialog_layout\":\"modal\",\"dialog_offcanvas_flip\":true,\"icon_align\":\"left\",\"link\":\"mailto:info@valituvanlomamokit.fi\"}}],\"name\":\"puh ja email painikkeet3\"}]},{\"type\":\"column\",\"props\":{\"image_position\":\"center-center\",\"position_sticky_breakpoint\":\"m\",\"width_medium\":\"3-5\"},\"children\":[{\"type\":\"slideshow\",\"props\":{\"link_style\":\"default\",\"link_text\":\"Read more\",\"margin\":\"default\",\"meta_align\":\"below-title\",\"meta_element\":\"div\",\"meta_style\":\"text-meta\",\"nav\":\"thumbnav\",\"nav_align\":\"center\",\"nav_below\":true,\"nav_breakpoint\":\"m\",\"nav_margin\":\"small\",\"nav_position\":\"bottom-center\",\"nav_position_margin\":\"medium\",\"overlay_animation\":\"parallax\",\"overlay_position\":\"center-left\",\"show_content\":true,\"show_link\":true,\"show_meta\":false,\"show_thumbnail\":true,\"show_title\":false,\"slidenav\":\"default\",\"slidenav_breakpoint\":\"s\",\"slidenav_margin\":\"medium\",\"slidenav_outside_breakpoint\":\"xl\",\"slideshow_autoplay_pause\":true,\"slideshow_min_height\":300,\"thumbnav_height\":\"50\",\"thumbnav_nowrap\":false,\"thumbnav_svg_color\":\"emphasis\",\"thumbnav_width\":\"72\",\"title_element\":\"h3\",\"title_hover_style\":\"reset\"},\"children\":[{\"type\":\"slideshow_item\",\"props\":{\"image\":\"wp-content\\\/uploads\\\/2023\\\/11\\\/sininen-ulko-talvi.jpg\",\"title\":\"valituvanmokit-ulko-kesa3\"}},{\"type\":\"slideshow_item\",\"props\":{\"image\":\"wp-content\\\/uploads\\\/2023\\\/11\\\/sininen-oh1.jpg\",\"title\":\"sininen-oh1\"}},{\"type\":\"slideshow_item\",\"props\":{\"image\":\"wp-content\\\/uploads\\\/2023\\\/11\\\/sininen-oh2.jpg\",\"title\":\"sininen-oh2\"}},{\"type\":\"slideshow_item\",\"props\":{\"image\":\"wp-content\\\/uploads\\\/2023\\\/11\\\/sininen-oh3.jpg\",\"title\":\"sininen-oh3\"}},{\"type\":\"slideshow_item\",\"props\":{\"image\":\"wp-content\\\/uploads\\\/2023\\\/11\\\/sininen-oh4.jpg\",\"title\":\"sininen-oh4\"}},{\"type\":\"slideshow_item\",\"props\":{\"image\":\"wp-content\\\/uploads\\\/2023\\\/11\\\/sininen-oh5.jpg\",\"title\":\"sininen-oh5\"}},{\"type\":\"slideshow_item\",\"props\":{\"image\":\"wp-content\\\/uploads\\\/2023\\\/11\\\/sininen-keittio.jpg\",\"title\":\"sininen-keittio\"}},{\"type\":\"slideshow_item\",\"props\":{\"image\":\"wp-content\\\/uploads\\\/2023\\\/11\\\/sininen-mh11.jpg\",\"title\":\"sininen-mh11\"}},{\"type\":\"slideshow_item\",\"props\":{\"image\":\"wp-content\\\/uploads\\\/2023\\\/11\\\/sininen-mh2.jpg\",\"title\":\"sininen-mh2\"}},{\"type\":\"slideshow_item\",\"props\":{\"image\":\"wp-content\\\/uploads\\\/2023\\\/11\\\/sininen-mh3.jpg\",\"title\":\"sininen-mh3\"}},{\"type\":\"slideshow_item\",\"props\":{\"image\":\"wp-content\\\/uploads\\\/2021\\\/12\\\/sininen-kylpyhuone-2021.jpg\",\"title\":\"sininen-kylpyhuone-2021\"}},{\"type\":\"slideshow_item\",\"props\":{\"image\":\"wp-content\\\/uploads\\\/2021\\\/12\\\/sininen-sauna-2021.jpg\",\"title\":\"sininen-sauna-2021\"}},{\"type\":\"slideshow_item\",\"props\":{\"image\":\"wp-content\\\/uploads\\\/2021\\\/12\\\/sininen-sauna2-2021.jpg\",\"title\":\"sininen-sauna2-2021\"}},{\"type\":\"slideshow_item\",\"props\":{\"image\":\"wp-content\\\/uploads\\\/2023\\\/11\\\/sininen-wc.jpg\",\"title\":\"sininen-wc\"}},{\"type\":\"slideshow_item\",\"props\":{\"image\":\"wp-content\\\/uploads\\\/2021\\\/06\\\/sininenmokki-ranta.jpg\",\"title\":\"sininenmokki-ranta\"}},{\"type\":\"slideshow_item\",\"props\":{\"image\":\"wp-content\\\/uploads\\\/2023\\\/11\\\/sininen-jarvi-kesa.jpg\",\"title\":\"sininen-jarvi-kesa\"}},{\"type\":\"slideshow_item\",\"props\":{\"image\":\"wp-content\\\/uploads\\\/2021\\\/07\\\/Sininen-laituri.jpg\",\"title\":\"Sininen-laituri\"}},{\"type\":\"slideshow_item\",\"props\":{\"image\":\"wp-content\\\/uploads\\\/2021\\\/07\\\/Sininen-patio-1.jpg\",\"title\":\"Sininen-patio-1\"}},{\"type\":\"slideshow_item\",\"props\":{\"image\":\"wp-content\\\/uploads\\\/2021\\\/07\\\/Sininen-patio-2.jpg\",\"title\":\"Sininen-patio-2\"}},{\"type\":\"slideshow_item\",\"props\":{\"image\":\"wp-content\\\/uploads\\\/2021\\\/07\\\/Sininen-patio-3.jpg\",\"title\":\"Sininen-patio-3\"}},{\"type\":\"slideshow_item\",\"props\":{\"image\":\"wp-content\\\/uploads\\\/2021\\\/07\\\/Sininen-terassi-1.jpg\",\"title\":\"Sininen-terassi-1\"}},{\"type\":\"slideshow_item\",\"props\":{\"image\":\"wp-content\\\/uploads\\\/2021\\\/07\\\/Sininen-terassi-2.jpg\",\"title\":\"Sininen-terassi-2\"}},{\"type\":\"slideshow_item\",\"props\":{\"image\":\"wp-content\\\/uploads\\\/2021\\\/06\\\/sininenmokki-piha-talvi.jpg\",\"title\":\"sininenmokki-piha-talvi\"}},{\"type\":\"slideshow_item\",\"props\":{\"image\":\"wp-content\\\/uploads\\\/2021\\\/07\\\/Blue-cottage-from-the-lake-on-the-left.jpg\",\"title\":\"Blue-cottage-from-the-lake-on-the-left\"}}]}]}]}]}],\"version\":\"4.5.14\"} --><br \/>\n","protected":false},"excerpt":{"rendered":"<p>Blue Cottage A log cottage built in 1999 in Punkaharju (Eastern Finland), on the shores of the clear Puruvesi Lake in the village of Vaara, with a total area of 89 m2. 2 double bedrooms, with the option of a double sofa bed a spacious living room with a fireplace\/baking oven sauna, washroom and dressing [&hellip;]<\/p>\n","protected":false},"author":1,"featured_media":1065,"parent":0,"menu_order":0,"comment_status":"closed","ping_status":"closed","template":"","meta":{"footnotes":""},"class_list":["post-1347","page","type-page","status-publish","has-post-thumbnail","hentry"],"yoast_head":"<!-- This site is optimized with the Yoast SEO plugin v27.1.1 - https:\/\/yoast.com\/product\/yoast-seo-wordpress\/ -->\n<title>Blue Cottage - V\u00e4litupa Holiday Cottages, Puruvesi, Finland<\/title>\n<meta name=\"description\" content=\"A log cottage built on the shore of the lake. Beds for 6, a spacious living room with a fireplace, washroom,WC, terrace, outdoor barbecue.\" \/>\n<meta name=\"robots\" content=\"index, follow, max-snippet:-1, max-image-preview:large, max-video-preview:-1\" \/>\n<link rel=\"canonical\" href=\"https:\/\/valituvanlomamokit.fi\/en\/blue-cottage\/\" \/>\n<meta property=\"og:locale\" content=\"en_US\" \/>\n<meta property=\"og:type\" content=\"article\" \/>\n<meta property=\"og:title\" content=\"Blue Cottage - V\u00e4litupa Holiday Cottages, Puruvesi, Finland\" \/>\n<meta property=\"og:description\" content=\"A log cottage built on the shore of the lake. Beds for 6, a spacious living room with a fireplace, washroom,WC, terrace, outdoor barbecue.\" \/>\n<meta property=\"og:url\" content=\"https:\/\/valituvanlomamokit.fi\/en\/blue-cottage\/\" \/>\n<meta property=\"og:site_name\" content=\"V\u00e4litupa Holiday Cottages, Puruvesi, Finland\" \/>\n<meta property=\"article:publisher\" content=\"https:\/\/www.facebook.com\/valituvanlomamokit\" \/>\n<meta property=\"article:modified_time\" content=\"2025-05-06T11:35:04+00:00\" \/>\n<meta property=\"og:image\" content=\"https:\/\/valituvanlomamokit.fi\/wp-content\/uploads\/2021\/05\/valituvanmokit-ulko-kesa3.jpg\" \/>\n\t<meta property=\"og:image:width\" content=\"960\" \/>\n\t<meta property=\"og:image:height\" content=\"719\" \/>\n\t<meta property=\"og:image:type\" content=\"image\/jpeg\" \/>\n<meta name=\"twitter:card\" content=\"summary_large_image\" \/>\n<meta name=\"twitter:label1\" content=\"Est. reading time\" \/>\n\t<meta name=\"twitter:data1\" content=\"6 minutes\" \/>\n<script type=\"application\/ld+json\" class=\"yoast-schema-graph\">{\"@context\":\"https:\/\/schema.org\",\"@graph\":[{\"@type\":\"WebPage\",\"@id\":\"https:\/\/valituvanlomamokit.fi\/en\/blue-cottage\/\",\"url\":\"https:\/\/valituvanlomamokit.fi\/en\/blue-cottage\/\",\"name\":\"Blue Cottage - V\u00e4litupa Holiday Cottages, Puruvesi, Finland\",\"isPartOf\":{\"@id\":\"https:\/\/valituvanlomamokit.fi\/en\/#website\"},\"primaryImageOfPage\":{\"@id\":\"https:\/\/valituvanlomamokit.fi\/en\/blue-cottage\/#primaryimage\"},\"image\":{\"@id\":\"https:\/\/valituvanlomamokit.fi\/en\/blue-cottage\/#primaryimage\"},\"thumbnailUrl\":\"https:\/\/valituvanlomamokit.fi\/wp-content\/uploads\/2021\/05\/valituvanmokit-ulko-kesa3.jpg\",\"datePublished\":\"2021-06-24T10:03:11+00:00\",\"dateModified\":\"2025-05-06T11:35:04+00:00\",\"description\":\"A log cottage built on the shore of the lake. Beds for 6, a spacious living room with a fireplace, washroom,WC, terrace, outdoor barbecue.\",\"breadcrumb\":{\"@id\":\"https:\/\/valituvanlomamokit.fi\/en\/blue-cottage\/#breadcrumb\"},\"inLanguage\":\"en-US\",\"potentialAction\":[{\"@type\":\"ReadAction\",\"target\":[\"https:\/\/valituvanlomamokit.fi\/en\/blue-cottage\/\"]}]},{\"@type\":\"ImageObject\",\"inLanguage\":\"en-US\",\"@id\":\"https:\/\/valituvanlomamokit.fi\/en\/blue-cottage\/#primaryimage\",\"url\":\"https:\/\/valituvanlomamokit.fi\/wp-content\/uploads\/2021\/05\/valituvanmokit-ulko-kesa3.jpg\",\"contentUrl\":\"https:\/\/valituvanlomamokit.fi\/wp-content\/uploads\/2021\/05\/valituvanmokit-ulko-kesa3.jpg\",\"width\":960,\"height\":719},{\"@type\":\"BreadcrumbList\",\"@id\":\"https:\/\/valituvanlomamokit.fi\/en\/blue-cottage\/#breadcrumb\",\"itemListElement\":[{\"@type\":\"ListItem\",\"position\":1,\"name\":\"Etusivu\",\"item\":\"https:\/\/valituvanlomamokit.fi\/en\/\"},{\"@type\":\"ListItem\",\"position\":2,\"name\":\"Blue Cottage\"}]},{\"@type\":\"WebSite\",\"@id\":\"https:\/\/valituvanlomamokit.fi\/en\/#website\",\"url\":\"https:\/\/valituvanlomamokit.fi\/en\/\",\"name\":\"V\u00e4litupa Holiday Cottages, Puruvesi, Finland\",\"description\":\"Accommodation on the shores of Puruvesi\",\"publisher\":{\"@id\":\"https:\/\/valituvanlomamokit.fi\/en\/#organization\"},\"alternateName\":\"Ymp\u00e4rivuotisia vuokram\u00f6kkej\u00e4\",\"potentialAction\":[{\"@type\":\"SearchAction\",\"target\":{\"@type\":\"EntryPoint\",\"urlTemplate\":\"https:\/\/valituvanlomamokit.fi\/en\/?s={search_term_string}\"},\"query-input\":{\"@type\":\"PropertyValueSpecification\",\"valueRequired\":true,\"valueName\":\"search_term_string\"}}],\"inLanguage\":\"en-US\"},{\"@type\":\"Organization\",\"@id\":\"https:\/\/valituvanlomamokit.fi\/en\/#organization\",\"name\":\"V\u00e4litupa Holiday Cottages, Puruvesi, Finland\",\"url\":\"https:\/\/valituvanlomamokit.fi\/en\/\",\"logo\":{\"@type\":\"ImageObject\",\"inLanguage\":\"en-US\",\"@id\":\"https:\/\/valituvanlomamokit.fi\/en\/#\/schema\/logo\/image\/\",\"url\":\"https:\/\/valituvanlomamokit.fi\/wp-content\/uploads\/2021\/05\/valituvanlomamokit-logo.svg\",\"contentUrl\":\"https:\/\/valituvanlomamokit.fi\/wp-content\/uploads\/2021\/05\/valituvanlomamokit-logo.svg\",\"width\":1,\"height\":1,\"caption\":\"V\u00e4litupa Holiday Cottages, Puruvesi, Finland\"},\"image\":{\"@id\":\"https:\/\/valituvanlomamokit.fi\/en\/#\/schema\/logo\/image\/\"},\"sameAs\":[\"https:\/\/www.facebook.com\/valituvanlomamokit\"]}]}<\/script>\n<!-- \/ Yoast SEO plugin. -->","yoast_head_json":{"title":"Blue Cottage - V\u00e4litupa Holiday Cottages, Puruvesi, Finland","description":"A log cottage built on the shore of the lake. Beds for 6, a spacious living room with a fireplace, washroom,WC, terrace, outdoor barbecue.","robots":{"index":"index","follow":"follow","max-snippet":"max-snippet:-1","max-image-preview":"max-image-preview:large","max-video-preview":"max-video-preview:-1"},"canonical":"https:\/\/valituvanlomamokit.fi\/en\/blue-cottage\/","og_locale":"en_US","og_type":"article","og_title":"Blue Cottage - V\u00e4litupa Holiday Cottages, Puruvesi, Finland","og_description":"A log cottage built on the shore of the lake. Beds for 6, a spacious living room with a fireplace, washroom,WC, terrace, outdoor barbecue.","og_url":"https:\/\/valituvanlomamokit.fi\/en\/blue-cottage\/","og_site_name":"V\u00e4litupa Holiday Cottages, Puruvesi, Finland","article_publisher":"https:\/\/www.facebook.com\/valituvanlomamokit","article_modified_time":"2025-05-06T11:35:04+00:00","og_image":[{"width":960,"height":719,"url":"https:\/\/valituvanlomamokit.fi\/wp-content\/uploads\/2021\/05\/valituvanmokit-ulko-kesa3.jpg","type":"image\/jpeg"}],"twitter_card":"summary_large_image","twitter_misc":{"Est. reading time":"6 minutes"},"schema":{"@context":"https:\/\/schema.org","@graph":[{"@type":"WebPage","@id":"https:\/\/valituvanlomamokit.fi\/en\/blue-cottage\/","url":"https:\/\/valituvanlomamokit.fi\/en\/blue-cottage\/","name":"Blue Cottage - V\u00e4litupa Holiday Cottages, Puruvesi, Finland","isPartOf":{"@id":"https:\/\/valituvanlomamokit.fi\/en\/#website"},"primaryImageOfPage":{"@id":"https:\/\/valituvanlomamokit.fi\/en\/blue-cottage\/#primaryimage"},"image":{"@id":"https:\/\/valituvanlomamokit.fi\/en\/blue-cottage\/#primaryimage"},"thumbnailUrl":"https:\/\/valituvanlomamokit.fi\/wp-content\/uploads\/2021\/05\/valituvanmokit-ulko-kesa3.jpg","datePublished":"2021-06-24T10:03:11+00:00","dateModified":"2025-05-06T11:35:04+00:00","description":"A log cottage built on the shore of the lake. Beds for 6, a spacious living room with a fireplace, washroom,WC, terrace, outdoor barbecue.","breadcrumb":{"@id":"https:\/\/valituvanlomamokit.fi\/en\/blue-cottage\/#breadcrumb"},"inLanguage":"en-US","potentialAction":[{"@type":"ReadAction","target":["https:\/\/valituvanlomamokit.fi\/en\/blue-cottage\/"]}]},{"@type":"ImageObject","inLanguage":"en-US","@id":"https:\/\/valituvanlomamokit.fi\/en\/blue-cottage\/#primaryimage","url":"https:\/\/valituvanlomamokit.fi\/wp-content\/uploads\/2021\/05\/valituvanmokit-ulko-kesa3.jpg","contentUrl":"https:\/\/valituvanlomamokit.fi\/wp-content\/uploads\/2021\/05\/valituvanmokit-ulko-kesa3.jpg","width":960,"height":719},{"@type":"BreadcrumbList","@id":"https:\/\/valituvanlomamokit.fi\/en\/blue-cottage\/#breadcrumb","itemListElement":[{"@type":"ListItem","position":1,"name":"Etusivu","item":"https:\/\/valituvanlomamokit.fi\/en\/"},{"@type":"ListItem","position":2,"name":"Blue Cottage"}]},{"@type":"WebSite","@id":"https:\/\/valituvanlomamokit.fi\/en\/#website","url":"https:\/\/valituvanlomamokit.fi\/en\/","name":"V\u00e4litupa Holiday Cottages, Puruvesi, Finland","description":"Accommodation on the shores of Puruvesi","publisher":{"@id":"https:\/\/valituvanlomamokit.fi\/en\/#organization"},"alternateName":"Ymp\u00e4rivuotisia vuokram\u00f6kkej\u00e4","potentialAction":[{"@type":"SearchAction","target":{"@type":"EntryPoint","urlTemplate":"https:\/\/valituvanlomamokit.fi\/en\/?s={search_term_string}"},"query-input":{"@type":"PropertyValueSpecification","valueRequired":true,"valueName":"search_term_string"}}],"inLanguage":"en-US"},{"@type":"Organization","@id":"https:\/\/valituvanlomamokit.fi\/en\/#organization","name":"V\u00e4litupa Holiday Cottages, Puruvesi, Finland","url":"https:\/\/valituvanlomamokit.fi\/en\/","logo":{"@type":"ImageObject","inLanguage":"en-US","@id":"https:\/\/valituvanlomamokit.fi\/en\/#\/schema\/logo\/image\/","url":"https:\/\/valituvanlomamokit.fi\/wp-content\/uploads\/2021\/05\/valituvanlomamokit-logo.svg","contentUrl":"https:\/\/valituvanlomamokit.fi\/wp-content\/uploads\/2021\/05\/valituvanlomamokit-logo.svg","width":1,"height":1,"caption":"V\u00e4litupa Holiday Cottages, Puruvesi, Finland"},"image":{"@id":"https:\/\/valituvanlomamokit.fi\/en\/#\/schema\/logo\/image\/"},"sameAs":["https:\/\/www.facebook.com\/valituvanlomamokit"]}]}},"_links":{"self":[{"href":"https:\/\/valituvanlomamokit.fi\/en\/wp-json\/wp\/v2\/pages\/1347","targetHints":{"allow":["GET"]}}],"collection":[{"href":"https:\/\/valituvanlomamokit.fi\/en\/wp-json\/wp\/v2\/pages"}],"about":[{"href":"https:\/\/valituvanlomamokit.fi\/en\/wp-json\/wp\/v2\/types\/page"}],"author":[{"embeddable":true,"href":"https:\/\/valituvanlomamokit.fi\/en\/wp-json\/wp\/v2\/users\/1"}],"replies":[{"embeddable":true,"href":"https:\/\/valituvanlomamokit.fi\/en\/wp-json\/wp\/v2\/comments?post=1347"}],"version-history":[{"count":14,"href":"https:\/\/valituvanlomamokit.fi\/en\/wp-json\/wp\/v2\/pages\/1347\/revisions"}],"predecessor-version":[{"id":2335,"href":"https:\/\/valituvanlomamokit.fi\/en\/wp-json\/wp\/v2\/pages\/1347\/revisions\/2335"}],"wp:featuredmedia":[{"embeddable":true,"href":"https:\/\/valituvanlomamokit.fi\/en\/wp-json\/wp\/v2\/media\/1065"}],"wp:attachment":[{"href":"https:\/\/valituvanlomamokit.fi\/en\/wp-json\/wp\/v2\/media?parent=1347"}],"curies":[{"name":"wp","href":"https:\/\/api.w.org\/{rel}","templated":true}]}}