{"id":1353,"date":"2021-06-24T13:47:58","date_gmt":"2021-06-24T10:47:58","guid":{"rendered":"https:\/\/valituvanlomamokit.fi\/vihrea-mokki\/"},"modified":"2026-04-23T10:49:41","modified_gmt":"2026-04-23T07:49:41","slug":"green-cottage","status":"publish","type":"page","link":"https:\/\/valituvanlomamokit.fi\/en\/green-cottage\/","title":{"rendered":"Green Cottage"},"content":{"rendered":"<h1>Green Cottage<\/h1>\n<div>\n<p>    <!-- BEGIN Moder Booking Widget --><\/p>\n<div id=\"moder-embed\"><\/div>\n<p><script>\n    var ModerSettings = {\n        property: \"valituvan-lomamokit\",\n        roomTypeId: 5238,\n        language: \"en\"\n    };\n<\/script><\/p>\n<p><script src=\"https:\/\/moder-embeds-dev.s3.eu-north-1.amazonaws.com\/bundle.js\" defer><\/script><br \/>\n<!-- END Moder Booking Widget --><\/p>\n<\/div>\n<ul>\n<li>\n<p>        <img decoding=\"async\" src=\"\/wp-content\/uploads\/2021\/06\/vihreamokki-piha.jpg\" alt=\"\"><\/p>\n<h3>vihreamokki-piha<\/h3>\n<\/li>\n<li>\n<p>        <img decoding=\"async\" src=\"\/wp-content\/uploads\/2021\/07\/Vihrea-mokki-olohuone2.jpg\" alt=\"\"><\/p>\n<h3>Vihrea-mokki-olohuone2<\/h3>\n<\/li>\n<li>\n<p>        <img decoding=\"async\" src=\"\/wp-content\/uploads\/2021\/07\/Vihrea-mokki-takka.jpg\" alt=\"\"><\/p>\n<h3>Vihrea-mokki-takka<\/h3>\n<\/li>\n<li>\n<p>        <img decoding=\"async\" src=\"\/wp-content\/uploads\/2021\/07\/Vihrea-mokki-olohuone.jpg\" alt=\"\"><\/p>\n<h3>Vihrea-mokki-olohuone<\/h3>\n<\/li>\n<li>\n<p>        <img decoding=\"async\" src=\"\/wp-content\/uploads\/2021\/07\/Vihrea-mokki-keittio.jpg\" alt=\"\"><\/p>\n<h3>Vihrea-mokki-keittio<\/h3>\n<\/li>\n<li>\n<p>        <img decoding=\"async\" src=\"\/wp-content\/uploads\/2021\/07\/Vihrea-mokki-makuuhuone.jpg\" alt=\"\"><\/p>\n<h3>Vihrea-mokki-makuuhuone<\/h3>\n<\/li>\n<li>\n<p>        <img decoding=\"async\" src=\"\/wp-content\/uploads\/2021\/06\/vihreamokki-parvi.jpg\" alt=\"\"><\/p>\n<h3>vihreamokki-parvi<\/h3>\n<\/li>\n<li>\n<p>        <img decoding=\"async\" src=\"\/wp-content\/uploads\/2021\/07\/Vihrea-mokki-sauna2.jpg\" alt=\"\"><\/p>\n<h3>Vihrea-mokki-sauna2<\/h3>\n<\/li>\n<li>\n<p>        <img decoding=\"async\" src=\"\/wp-content\/uploads\/2021\/07\/Vihrea-mokki-sauna.jpg\" alt=\"\"><\/p>\n<h3>Vihrea-mokki-sauna<\/h3>\n<\/li>\n<li>\n<p>        <img decoding=\"async\" src=\"\/wp-content\/uploads\/2021\/07\/vihreamokki-suihku-wc.jpg\" alt=\"\"><\/p>\n<h3>vihreamokki-suihku-wc<\/h3>\n<\/li>\n<li>\n<p>        <img decoding=\"async\" src=\"\/wp-content\/uploads\/2021\/07\/Vihrea-mokki-laituri.jpg\" alt=\"\"><\/p>\n<h3>Vihrea-mokki-laituri<\/h3>\n<\/li>\n<li>\n<p>        <img decoding=\"async\" src=\"\/wp-content\/uploads\/2021\/07\/Vihrea-mokki-nakyma-terassilta.jpg\" alt=\"\"><\/p>\n<h3>Vihrea-mokki-nakyma-terassilta<\/h3>\n<\/li>\n<li>\n<p>        <img decoding=\"async\" src=\"\/wp-content\/uploads\/2021\/07\/vihreamokki-piha2.jpg\" alt=\"\"><\/p>\n<h3>vihreamokki-piha2<\/h3>\n<\/li>\n<li>\n<p>        <img decoding=\"async\" src=\"\/wp-content\/uploads\/2021\/07\/vihreamokki-rannalta-pain.jpg\" alt=\"\"><\/p>\n<h3>vihreamokki-rannalta-pain<\/h3>\n<\/li>\n<li>\n<p>        <img decoding=\"async\" src=\"\/wp-content\/uploads\/2021\/07\/vihreamokki-vene.jpg\" alt=\"\"><\/p>\n<h3>vihreamokki-vene<\/h3>\n<\/li>\n<li>\n<p>        <img decoding=\"async\" src=\"\/wp-content\/uploads\/2021\/07\/vihreamokki-talvi.jpg\" alt=\"\"><\/p>\n<h3>vihreamokki-talvi<\/h3>\n<\/li>\n<\/ul>\n<h2>\n<p>A log cottage built in 1997 in Punkaharju (Eastern Finland), on the shores of the clear Puruvesi Lake in the village of Vaara, with a total area of 55 m2. Partially renovated in 2014.<\/p>\n<\/h2>\n<div>\n<ul>\n<li>downstairs: 1 bedroom with a 140 cm wide double bed for two<\/li>\n<li>the loft can sleep three (mattresses)<\/li>\n<li>living room and soapstone fireplace<\/li>\n<li>wood-heated sauna<\/li>\n<li>combined toilet \/ shower room<\/li>\n<li>terrace and outdoor barbecue<\/li>\n<li>sandy beach, jetty and rowing boat<\/li>\n<\/ul>\n<p><strong>Accessories<\/strong><\/p>\n<ul>\n<li>refrigerator with freezer compartment<\/li>\n<li>coffee machine and kettle<\/li>\n<li>microwave oven<\/li>\n<li>dishwasher<\/li>\n<li>stove and oven<\/li>\n<li>ironing equipment<\/li>\n<li>WiFi, TV, DVD<\/li>\n<\/ul>\n<\/div>\n<ul>\n<li>\n<p>\n        <a href=\"tel: +358503309933\">+358 50 3309 933<\/a>\n    <\/p>\n<\/li>\n<li>\n<p>\n        <a href=\"mailto:info@valituvanlomamokit.fi\">info@valituvanlomamokit.fi<\/a>\n    <\/p>\n<\/li>\n<\/ul>\n<p><!--more--><br \/>\n<!-- {\"name\":\"keltainen m\u00f6kki\",\"type\":\"layout\",\"children\":[{\"type\":\"section\",\"props\":{\"id\":\"varaa\",\"image_position\":\"center-center\",\"padding_bottom\":\"small\",\"padding_top\":\"small\",\"style\":\"secondary\",\"title_breakpoint\":\"xl\",\"title_position\":\"top-left\",\"title_rotation\":\"left\",\"vertical_align\":\"middle\",\"width\":\"default\"},\"children\":[{\"type\":\"row\",\"children\":[{\"type\":\"column\",\"props\":{\"image_position\":\"center-center\",\"position_sticky_breakpoint\":\"m\"},\"children\":[{\"type\":\"headline\",\"props\":{\"content\":\"Green Cottage\",\"image_align\":\"left\",\"image_margin\":\"xsmall\",\"title_element\":\"h1\",\"title_style\":\"heading-small\"}},{\"type\":\"html\",\"props\":{\"content\":\"<!-- BEGIN Moder Booking Widget -->\\n<\/p>\n<div id=\\\"moder-embed\\\"><\/div>\n<p>\\n\\n<script>\\n    var ModerSettings = {\\n        property: \\\"valituvan-lomamokit\\\",\\n        roomTypeId: 5238,\\n        language: \\\"en\\\"\\n    };\\n<\/script>\\n\\n<script src=\\\"https:\/\/moder-embeds-dev.s3.eu-north-1.amazonaws.com\/bundle.js\\\" defer><\/script>\\n<!-- END Moder Booking Widget -->\\n&#8221;}}]}]}],&#8221;name&#8221;:&#8221;varauskalenteriosio vihre\u00e4&#8221;},{&#8220;type&#8221;:&#8221;section&#8221;,&#8221;props&#8221;:{&#8220;image_position&#8221;:&#8221;center-center&#8221;,&#8221;style&#8221;:&#8221;default&#8221;,&#8221;title_breakpoint&#8221;:&#8221;xl&#8221;,&#8221;title_position&#8221;:&#8221;top-left&#8221;,&#8221;title_rotation&#8221;:&#8221;left&#8221;,&#8221;vertical_align&#8221;:&#8221;&#8221;,&#8221;width&#8221;:&#8221;large&#8221;},&#8221;children&#8221;:[{&#8220;type&#8221;:&#8221;row&#8221;,&#8221;props&#8221;:{&#8220;layout&#8221;:&#8221;2-5,3-5&#8243;},&#8221;children&#8221;:[{&#8220;type&#8221;:&#8221;column&#8221;,&#8221;props&#8221;:{&#8220;image_position&#8221;:&#8221;center-center&#8221;,&#8221;position_sticky_breakpoint&#8221;:&#8221;m&#8221;,&#8221;width_medium&#8221;:&#8221;2-5&#8243;},&#8221;children&#8221;:[{&#8220;type&#8221;:&#8221;slideshow&#8221;,&#8221;props&#8221;:{&#8220;link_style&#8221;:&#8221;default&#8221;,&#8221;link_text&#8221;:&#8221;Read more&#8221;,&#8221;margin_bottom&#8221;:&#8221;default&#8221;,&#8221;margin_top&#8221;:&#8221;default&#8221;,&#8221;meta_align&#8221;:&#8221;below-title&#8221;,&#8221;meta_element&#8221;:&#8221;div&#8221;,&#8221;meta_style&#8221;:&#8221;text-meta&#8221;,&#8221;nav&#8221;:&#8221;thumbnav&#8221;,&#8221;nav_align&#8221;:&#8221;center&#8221;,&#8221;nav_below&#8221;:true,&#8221;nav_breakpoint&#8221;:&#8221;s&#8221;,&#8221;nav_margin&#8221;:&#8221;small&#8221;,&#8221;nav_position&#8221;:&#8221;bottom-center&#8221;,&#8221;nav_position_margin&#8221;:&#8221;medium&#8221;,&#8221;overlay_animation&#8221;:&#8221;parallax&#8221;,&#8221;overlay_position&#8221;:&#8221;center-left&#8221;,&#8221;show_content&#8221;:true,&#8221;show_link&#8221;:true,&#8221;show_meta&#8221;:false,&#8221;show_thumbnail&#8221;:true,&#8221;show_title&#8221;:false,&#8221;slidenav&#8221;:&#8221;top-right&#8221;,&#8221;slidenav_breakpoint&#8221;:&#8221;&#8221;,&#8221;slidenav_margin&#8221;:&#8221;small&#8221;,&#8221;slidenav_outside_breakpoint&#8221;:&#8221;xl&#8221;,&#8221;slideshow_autoplay_pause&#8221;:true,&#8221;slideshow_max_height&#8221;:&#8221;800&#8243;,&#8221;slideshow_min_height&#8221;:300,&#8221;thumbnav_height&#8221;:&#8221;50&#8243;,&#8221;thumbnav_shrink&#8221;:false,&#8221;thumbnav_svg_color&#8221;:&#8221;emphasis&#8221;,&#8221;thumbnav_width&#8221;:&#8221;72&#8243;,&#8221;title_element&#8221;:&#8221;h3&#8243;,&#8221;title_hover_style&#8221;:&#8221;reset&#8221;},&#8221;children&#8221;:[{&#8220;type&#8221;:&#8221;slideshow_item&#8221;,&#8221;props&#8221;:{&#8220;image&#8221;:&#8221;wp-content\/uploads\/2021\/06\/vihreamokki-piha.jpg&#8221;,&#8221;title&#8221;:&#8221;vihreamokki-piha&#8221;}},{&#8220;type&#8221;:&#8221;slideshow_item&#8221;,&#8221;props&#8221;:{&#8220;image&#8221;:&#8221;wp-content\/uploads\/2021\/07\/Vihrea-mokki-olohuone2.jpg&#8221;,&#8221;title&#8221;:&#8221;Vihrea-mokki-olohuone2&#8243;}},{&#8220;type&#8221;:&#8221;slideshow_item&#8221;,&#8221;props&#8221;:{&#8220;image&#8221;:&#8221;wp-content\/uploads\/2021\/07\/Vihrea-mokki-takka.jpg&#8221;,&#8221;title&#8221;:&#8221;Vihrea-mokki-takka&#8221;}},{&#8220;type&#8221;:&#8221;slideshow_item&#8221;,&#8221;props&#8221;:{&#8220;image&#8221;:&#8221;wp-content\/uploads\/2021\/07\/Vihrea-mokki-olohuone.jpg&#8221;,&#8221;title&#8221;:&#8221;Vihrea-mokki-olohuone&#8221;}},{&#8220;type&#8221;:&#8221;slideshow_item&#8221;,&#8221;props&#8221;:{&#8220;image&#8221;:&#8221;wp-content\/uploads\/2021\/07\/Vihrea-mokki-keittio.jpg&#8221;,&#8221;title&#8221;:&#8221;Vihrea-mokki-keittio&#8221;}},{&#8220;type&#8221;:&#8221;slideshow_item&#8221;,&#8221;props&#8221;:{&#8220;image&#8221;:&#8221;wp-content\/uploads\/2021\/07\/Vihrea-mokki-makuuhuone.jpg&#8221;,&#8221;title&#8221;:&#8221;Vihrea-mokki-makuuhuone&#8221;}},{&#8220;type&#8221;:&#8221;slideshow_item&#8221;,&#8221;props&#8221;:{&#8220;image&#8221;:&#8221;wp-content\/uploads\/2021\/06\/vihreamokki-parvi.jpg&#8221;,&#8221;title&#8221;:&#8221;vihreamokki-parvi&#8221;}},{&#8220;type&#8221;:&#8221;slideshow_item&#8221;,&#8221;props&#8221;:{&#8220;image&#8221;:&#8221;wp-content\/uploads\/2021\/07\/Vihrea-mokki-sauna2.jpg&#8221;,&#8221;title&#8221;:&#8221;Vihrea-mokki-sauna2&#8243;}},{&#8220;type&#8221;:&#8221;slideshow_item&#8221;,&#8221;props&#8221;:{&#8220;image&#8221;:&#8221;wp-content\/uploads\/2021\/07\/Vihrea-mokki-sauna.jpg&#8221;,&#8221;title&#8221;:&#8221;Vihrea-mokki-sauna&#8221;}},{&#8220;type&#8221;:&#8221;slideshow_item&#8221;,&#8221;props&#8221;:{&#8220;image&#8221;:&#8221;wp-content\/uploads\/2021\/07\/vihreamokki-suihku-wc.jpg&#8221;,&#8221;title&#8221;:&#8221;vihreamokki-suihku-wc&#8221;}},{&#8220;type&#8221;:&#8221;slideshow_item&#8221;,&#8221;props&#8221;:{&#8220;image&#8221;:&#8221;wp-content\/uploads\/2021\/07\/Vihrea-mokki-laituri.jpg&#8221;,&#8221;title&#8221;:&#8221;Vihrea-mokki-laituri&#8221;}},{&#8220;type&#8221;:&#8221;slideshow_item&#8221;,&#8221;props&#8221;:{&#8220;image&#8221;:&#8221;wp-content\/uploads\/2021\/07\/Vihrea-mokki-nakyma-terassilta.jpg&#8221;,&#8221;title&#8221;:&#8221;Vihrea-mokki-nakyma-terassilta&#8221;}},{&#8220;type&#8221;:&#8221;slideshow_item&#8221;,&#8221;props&#8221;:{&#8220;image&#8221;:&#8221;wp-content\/uploads\/2021\/07\/vihreamokki-piha2.jpg&#8221;,&#8221;title&#8221;:&#8221;vihreamokki-piha2&#8243;}},{&#8220;type&#8221;:&#8221;slideshow_item&#8221;,&#8221;props&#8221;:{&#8220;image&#8221;:&#8221;wp-content\/uploads\/2021\/07\/vihreamokki-rannalta-pain.jpg&#8221;,&#8221;title&#8221;:&#8221;vihreamokki-rannalta-pain&#8221;}},{&#8220;type&#8221;:&#8221;slideshow_item&#8221;,&#8221;props&#8221;:{&#8220;image&#8221;:&#8221;wp-content\/uploads\/2021\/07\/vihreamokki-vene.jpg&#8221;,&#8221;title&#8221;:&#8221;vihreamokki-vene&#8221;}},{&#8220;type&#8221;:&#8221;slideshow_item&#8221;,&#8221;props&#8221;:{&#8220;image&#8221;:&#8221;wp-content\/uploads\/2021\/07\/vihreamokki-talvi.jpg&#8221;,&#8221;title&#8221;:&#8221;vihreamokki-talvi&#8221;}}]}]},{&#8220;type&#8221;:&#8221;column&#8221;,&#8221;props&#8221;:{&#8220;image_position&#8221;:&#8221;center-center&#8221;,&#8221;position_sticky_breakpoint&#8221;:&#8221;m&#8221;,&#8221;width_medium&#8221;:&#8221;3-5&#8243;},&#8221;children&#8221;:[{&#8220;type&#8221;:&#8221;headline&#8221;,&#8221;props&#8221;:{&#8220;content&#8221;:&#8221;<\/p>\n<p>A log cottage built in 1997 in Punkaharju (Eastern Finland), on the shores of the clear Puruvesi Lake in the village of Vaara, with a total area of 55 m2. Partially renovated in 2014.<\/p>\n<p>&#8220;,&#8221;image_align&#8221;:&#8221;left&#8221;,&#8221;image_margin&#8221;:&#8221;xsmall&#8221;,&#8221;title_element&#8221;:&#8221;h2&#8243;,&#8221;title_style&#8221;:&#8221;h5&#8243;},&#8221;name&#8221;:&#8221;kuvausteksti en&#8221;},{&#8220;type&#8221;:&#8221;text&#8221;,&#8221;props&#8221;:{&#8220;column_breakpoint&#8221;:&#8221;m&#8221;,&#8221;content&#8221;:&#8221;<\/p>\n<ul>\\n<\/p>\n<li>downstairs: 1 bedroom with a 140 cm wide double bed for two<\/li>\n<p>\\n<\/p>\n<li>the loft can sleep three (mattresses)<\/li>\n<p>\\n<\/p>\n<li>living room and soapstone fireplace<\/li>\n<p>\\n<\/p>\n<li>wood-heated sauna<\/li>\n<p>\\n<\/p>\n<li>combined toilet \/ shower room<\/li>\n<p>\\n<\/p>\n<li>terrace and outdoor barbecue<\/li>\n<p>\\n<\/p>\n<li>sandy beach, jetty and rowing boat<\/li>\n<p>\\n<\/ul>\n<p>\\n<\/p>\n<p><strong>Accessories<\/strong><\/p>\n<p>\\n<\/p>\n<ul>\\n<\/p>\n<li>refrigerator with freezer compartment<\/li>\n<p>\\n<\/p>\n<li>coffee machine and kettle<\/li>\n<p>\\n<\/p>\n<li>microwave oven<\/li>\n<p>\\n<\/p>\n<li>dishwasher<\/li>\n<p>\\n<\/p>\n<li>stove and oven<\/li>\n<p>\\n<\/p>\n<li>ironing equipment<\/li>\n<p>\\n<\/p>\n<li>WiFi, TV, DVD<\/li>\n<p>\\n<\/ul>\n<p>&#8220;,&#8221;margin_bottom&#8221;:&#8221;default&#8221;,&#8221;margin_top&#8221;:&#8221;default&#8221;}},{&#8220;type&#8221;:&#8221;button&#8221;,&#8221;props&#8221;:{&#8220;grid_column_gap&#8221;:&#8221;small&#8221;,&#8221;grid_row_gap&#8221;:&#8221;small&#8221;,&#8221;margin_bottom&#8221;:&#8221;default&#8221;,&#8221;margin_top&#8221;:&#8221;default&#8221;},&#8221;children&#8221;:[{&#8220;type&#8221;:&#8221;button_item&#8221;,&#8221;props&#8221;:{&#8220;button_style&#8221;:&#8221;default&#8221;,&#8221;content&#8221;:&#8221;+358 50 3309 933&#8243;,&#8221;dialog_layout&#8221;:&#8221;modal&#8221;,&#8221;dialog_offcanvas_flip&#8221;:true,&#8221;icon_align&#8221;:&#8221;left&#8221;,&#8221;link&#8221;:&#8221;tel: +358503309933&#8243;}},{&#8220;type&#8221;:&#8221;button_item&#8221;,&#8221;props&#8221;:{&#8220;button_style&#8221;:&#8221;default&#8221;,&#8221;content&#8221;:&#8221;info@valituvanlomamokit.fi&#8221;,&#8221;dialog_layout&#8221;:&#8221;modal&#8221;,&#8221;dialog_offcanvas_flip&#8221;:true,&#8221;icon_align&#8221;:&#8221;left&#8221;,&#8221;link&#8221;:&#8221;mailto:info@valituvanlomamokit.fi&#8221;}}],&#8221;name&#8221;:&#8221;puh ja email painikkeet3&#8243;}]}]}]}],&#8221;version&#8221;:&#8221;5.0.29&#8243;} &#8211;><\/p>\n","protected":false},"excerpt":{"rendered":"<p>Green Cottage vihreamokki-piha Vihrea-mokki-olohuone2 Vihrea-mokki-takka Vihrea-mokki-olohuone Vihrea-mokki-keittio Vihrea-mokki-makuuhuone vihreamokki-parvi Vihrea-mokki-sauna2 Vihrea-mokki-sauna vihreamokki-suihku-wc Vihrea-mokki-laituri Vihrea-mokki-nakyma-terassilta vihreamokki-piha2 vihreamokki-rannalta-pain vihreamokki-vene vihreamokki-talvi A log cottage built in 1997 in Punkaharju (Eastern Finland), on the shores of the clear Puruvesi Lake in the village of Vaara, with a total area of 55 m2. Partially renovated in 2014. downstairs: 1 bedroom [&hellip;]<\/p>\n","protected":false},"author":1,"featured_media":1063,"parent":0,"menu_order":0,"comment_status":"closed","ping_status":"closed","template":"","meta":{"footnotes":""},"class_list":["post-1353","page","type-page","status-publish","has-post-thumbnail","hentry"],"yoast_head":"<!-- This site is optimized with the Yoast SEO plugin v27.4 - https:\/\/yoast.com\/product\/yoast-seo-wordpress\/ -->\n<title>Green Cottage - V\u00e4litupa Holiday Cottages, Puruvesi, Finland<\/title>\n<meta name=\"description\" content=\"A log cottage on the shore of the lake. Beds for two and three extra beds. Living room has fireplace. Toilet\/shower room, terrace and outdoor barbecue\" \/>\n<meta name=\"robots\" content=\"index, follow, max-snippet:-1, max-image-preview:large, max-video-preview:-1\" \/>\n<link rel=\"canonical\" href=\"https:\/\/valituvanlomamokit.fi\/en\/green-cottage\/\" \/>\n<meta property=\"og:locale\" content=\"en_US\" \/>\n<meta property=\"og:type\" content=\"article\" \/>\n<meta property=\"og:title\" content=\"Green Cottage - V\u00e4litupa Holiday Cottages, Puruvesi, Finland\" \/>\n<meta property=\"og:description\" content=\"A log cottage on the shore of the lake. Beds for two and three extra beds. Living room has fireplace. Toilet\/shower room, terrace and outdoor barbecue\" \/>\n<meta property=\"og:url\" content=\"https:\/\/valituvanlomamokit.fi\/en\/green-cottage\/\" \/>\n<meta property=\"og:site_name\" content=\"V\u00e4litupa Holiday Cottages, Puruvesi, Finland\" \/>\n<meta property=\"article:publisher\" content=\"https:\/\/www.facebook.com\/valituvanlomamokit\" \/>\n<meta property=\"article:modified_time\" content=\"2026-04-23T07:49:41+00:00\" \/>\n<meta property=\"og:image\" content=\"https:\/\/valituvanlomamokit.fi\/wp-content\/uploads\/2021\/05\/valituvanmokit-ulko-kesa4.jpg\" \/>\n\t<meta property=\"og:image:width\" content=\"1024\" \/>\n\t<meta property=\"og:image:height\" content=\"768\" \/>\n\t<meta property=\"og:image:type\" content=\"image\/jpeg\" \/>\n<meta name=\"twitter:card\" content=\"summary_large_image\" \/>\n<meta name=\"twitter:label1\" content=\"Est. reading time\" \/>\n\t<meta name=\"twitter:data1\" content=\"3 minutes\" \/>\n<script type=\"application\/ld+json\" class=\"yoast-schema-graph\">{\"@context\":\"https:\\\/\\\/schema.org\",\"@graph\":[{\"@type\":\"WebPage\",\"@id\":\"https:\\\/\\\/valituvanlomamokit.fi\\\/en\\\/green-cottage\\\/\",\"url\":\"https:\\\/\\\/valituvanlomamokit.fi\\\/en\\\/green-cottage\\\/\",\"name\":\"Green Cottage - V\u00e4litupa Holiday Cottages, Puruvesi, Finland\",\"isPartOf\":{\"@id\":\"https:\\\/\\\/valituvanlomamokit.fi\\\/en\\\/#website\"},\"primaryImageOfPage\":{\"@id\":\"https:\\\/\\\/valituvanlomamokit.fi\\\/en\\\/green-cottage\\\/#primaryimage\"},\"image\":{\"@id\":\"https:\\\/\\\/valituvanlomamokit.fi\\\/en\\\/green-cottage\\\/#primaryimage\"},\"thumbnailUrl\":\"https:\\\/\\\/valituvanlomamokit.fi\\\/wp-content\\\/uploads\\\/2021\\\/05\\\/valituvanmokit-ulko-kesa4.jpg\",\"datePublished\":\"2021-06-24T10:47:58+00:00\",\"dateModified\":\"2026-04-23T07:49:41+00:00\",\"description\":\"A log cottage on the shore of the lake. Beds for two and three extra beds. Living room has fireplace. Toilet\\\/shower room, terrace and outdoor barbecue\",\"breadcrumb\":{\"@id\":\"https:\\\/\\\/valituvanlomamokit.fi\\\/en\\\/green-cottage\\\/#breadcrumb\"},\"inLanguage\":\"en-US\",\"potentialAction\":[{\"@type\":\"ReadAction\",\"target\":[\"https:\\\/\\\/valituvanlomamokit.fi\\\/en\\\/green-cottage\\\/\"]}]},{\"@type\":\"ImageObject\",\"inLanguage\":\"en-US\",\"@id\":\"https:\\\/\\\/valituvanlomamokit.fi\\\/en\\\/green-cottage\\\/#primaryimage\",\"url\":\"https:\\\/\\\/valituvanlomamokit.fi\\\/wp-content\\\/uploads\\\/2021\\\/05\\\/valituvanmokit-ulko-kesa4.jpg\",\"contentUrl\":\"https:\\\/\\\/valituvanlomamokit.fi\\\/wp-content\\\/uploads\\\/2021\\\/05\\\/valituvanmokit-ulko-kesa4.jpg\",\"width\":1024,\"height\":768},{\"@type\":\"BreadcrumbList\",\"@id\":\"https:\\\/\\\/valituvanlomamokit.fi\\\/en\\\/green-cottage\\\/#breadcrumb\",\"itemListElement\":[{\"@type\":\"ListItem\",\"position\":1,\"name\":\"Etusivu\",\"item\":\"https:\\\/\\\/valituvanlomamokit.fi\\\/en\\\/\"},{\"@type\":\"ListItem\",\"position\":2,\"name\":\"Green Cottage\"}]},{\"@type\":\"WebSite\",\"@id\":\"https:\\\/\\\/valituvanlomamokit.fi\\\/en\\\/#website\",\"url\":\"https:\\\/\\\/valituvanlomamokit.fi\\\/en\\\/\",\"name\":\"V\u00e4litupa Holiday Cottages, Puruvesi, Finland\",\"description\":\"Accommodation on the shores of Puruvesi\",\"publisher\":{\"@id\":\"https:\\\/\\\/valituvanlomamokit.fi\\\/en\\\/#organization\"},\"alternateName\":\"Ymp\u00e4rivuotisia vuokram\u00f6kkej\u00e4\",\"potentialAction\":[{\"@type\":\"SearchAction\",\"target\":{\"@type\":\"EntryPoint\",\"urlTemplate\":\"https:\\\/\\\/valituvanlomamokit.fi\\\/en\\\/?s={search_term_string}\"},\"query-input\":{\"@type\":\"PropertyValueSpecification\",\"valueRequired\":true,\"valueName\":\"search_term_string\"}}],\"inLanguage\":\"en-US\"},{\"@type\":\"Organization\",\"@id\":\"https:\\\/\\\/valituvanlomamokit.fi\\\/en\\\/#organization\",\"name\":\"V\u00e4litupa Holiday Cottages, Puruvesi, Finland\",\"url\":\"https:\\\/\\\/valituvanlomamokit.fi\\\/en\\\/\",\"logo\":{\"@type\":\"ImageObject\",\"inLanguage\":\"en-US\",\"@id\":\"https:\\\/\\\/valituvanlomamokit.fi\\\/en\\\/#\\\/schema\\\/logo\\\/image\\\/\",\"url\":\"https:\\\/\\\/valituvanlomamokit.fi\\\/wp-content\\\/uploads\\\/2021\\\/05\\\/valituvanlomamokit-logo.svg\",\"contentUrl\":\"https:\\\/\\\/valituvanlomamokit.fi\\\/wp-content\\\/uploads\\\/2021\\\/05\\\/valituvanlomamokit-logo.svg\",\"width\":1,\"height\":1,\"caption\":\"V\u00e4litupa Holiday Cottages, Puruvesi, Finland\"},\"image\":{\"@id\":\"https:\\\/\\\/valituvanlomamokit.fi\\\/en\\\/#\\\/schema\\\/logo\\\/image\\\/\"},\"sameAs\":[\"https:\\\/\\\/www.facebook.com\\\/valituvanlomamokit\"]}]}<\/script>\n<!-- \/ Yoast SEO plugin. -->","yoast_head_json":{"title":"Green Cottage - V\u00e4litupa Holiday Cottages, Puruvesi, Finland","description":"A log cottage on the shore of the lake. Beds for two and three extra beds. Living room has fireplace. Toilet\/shower room, terrace and outdoor barbecue","robots":{"index":"index","follow":"follow","max-snippet":"max-snippet:-1","max-image-preview":"max-image-preview:large","max-video-preview":"max-video-preview:-1"},"canonical":"https:\/\/valituvanlomamokit.fi\/en\/green-cottage\/","og_locale":"en_US","og_type":"article","og_title":"Green Cottage - V\u00e4litupa Holiday Cottages, Puruvesi, Finland","og_description":"A log cottage on the shore of the lake. Beds for two and three extra beds. Living room has fireplace. Toilet\/shower room, terrace and outdoor barbecue","og_url":"https:\/\/valituvanlomamokit.fi\/en\/green-cottage\/","og_site_name":"V\u00e4litupa Holiday Cottages, Puruvesi, Finland","article_publisher":"https:\/\/www.facebook.com\/valituvanlomamokit","article_modified_time":"2026-04-23T07:49:41+00:00","og_image":[{"width":1024,"height":768,"url":"https:\/\/valituvanlomamokit.fi\/wp-content\/uploads\/2021\/05\/valituvanmokit-ulko-kesa4.jpg","type":"image\/jpeg"}],"twitter_card":"summary_large_image","twitter_misc":{"Est. reading time":"3 minutes"},"schema":{"@context":"https:\/\/schema.org","@graph":[{"@type":"WebPage","@id":"https:\/\/valituvanlomamokit.fi\/en\/green-cottage\/","url":"https:\/\/valituvanlomamokit.fi\/en\/green-cottage\/","name":"Green Cottage - V\u00e4litupa Holiday Cottages, Puruvesi, Finland","isPartOf":{"@id":"https:\/\/valituvanlomamokit.fi\/en\/#website"},"primaryImageOfPage":{"@id":"https:\/\/valituvanlomamokit.fi\/en\/green-cottage\/#primaryimage"},"image":{"@id":"https:\/\/valituvanlomamokit.fi\/en\/green-cottage\/#primaryimage"},"thumbnailUrl":"https:\/\/valituvanlomamokit.fi\/wp-content\/uploads\/2021\/05\/valituvanmokit-ulko-kesa4.jpg","datePublished":"2021-06-24T10:47:58+00:00","dateModified":"2026-04-23T07:49:41+00:00","description":"A log cottage on the shore of the lake. Beds for two and three extra beds. Living room has fireplace. Toilet\/shower room, terrace and outdoor barbecue","breadcrumb":{"@id":"https:\/\/valituvanlomamokit.fi\/en\/green-cottage\/#breadcrumb"},"inLanguage":"en-US","potentialAction":[{"@type":"ReadAction","target":["https:\/\/valituvanlomamokit.fi\/en\/green-cottage\/"]}]},{"@type":"ImageObject","inLanguage":"en-US","@id":"https:\/\/valituvanlomamokit.fi\/en\/green-cottage\/#primaryimage","url":"https:\/\/valituvanlomamokit.fi\/wp-content\/uploads\/2021\/05\/valituvanmokit-ulko-kesa4.jpg","contentUrl":"https:\/\/valituvanlomamokit.fi\/wp-content\/uploads\/2021\/05\/valituvanmokit-ulko-kesa4.jpg","width":1024,"height":768},{"@type":"BreadcrumbList","@id":"https:\/\/valituvanlomamokit.fi\/en\/green-cottage\/#breadcrumb","itemListElement":[{"@type":"ListItem","position":1,"name":"Etusivu","item":"https:\/\/valituvanlomamokit.fi\/en\/"},{"@type":"ListItem","position":2,"name":"Green Cottage"}]},{"@type":"WebSite","@id":"https:\/\/valituvanlomamokit.fi\/en\/#website","url":"https:\/\/valituvanlomamokit.fi\/en\/","name":"V\u00e4litupa Holiday Cottages, Puruvesi, Finland","description":"Accommodation on the shores of Puruvesi","publisher":{"@id":"https:\/\/valituvanlomamokit.fi\/en\/#organization"},"alternateName":"Ymp\u00e4rivuotisia vuokram\u00f6kkej\u00e4","potentialAction":[{"@type":"SearchAction","target":{"@type":"EntryPoint","urlTemplate":"https:\/\/valituvanlomamokit.fi\/en\/?s={search_term_string}"},"query-input":{"@type":"PropertyValueSpecification","valueRequired":true,"valueName":"search_term_string"}}],"inLanguage":"en-US"},{"@type":"Organization","@id":"https:\/\/valituvanlomamokit.fi\/en\/#organization","name":"V\u00e4litupa Holiday Cottages, Puruvesi, Finland","url":"https:\/\/valituvanlomamokit.fi\/en\/","logo":{"@type":"ImageObject","inLanguage":"en-US","@id":"https:\/\/valituvanlomamokit.fi\/en\/#\/schema\/logo\/image\/","url":"https:\/\/valituvanlomamokit.fi\/wp-content\/uploads\/2021\/05\/valituvanlomamokit-logo.svg","contentUrl":"https:\/\/valituvanlomamokit.fi\/wp-content\/uploads\/2021\/05\/valituvanlomamokit-logo.svg","width":1,"height":1,"caption":"V\u00e4litupa Holiday Cottages, Puruvesi, Finland"},"image":{"@id":"https:\/\/valituvanlomamokit.fi\/en\/#\/schema\/logo\/image\/"},"sameAs":["https:\/\/www.facebook.com\/valituvanlomamokit"]}]}},"_links":{"self":[{"href":"https:\/\/valituvanlomamokit.fi\/en\/wp-json\/wp\/v2\/pages\/1353","targetHints":{"allow":["GET"]}}],"collection":[{"href":"https:\/\/valituvanlomamokit.fi\/en\/wp-json\/wp\/v2\/pages"}],"about":[{"href":"https:\/\/valituvanlomamokit.fi\/en\/wp-json\/wp\/v2\/types\/page"}],"author":[{"embeddable":true,"href":"https:\/\/valituvanlomamokit.fi\/en\/wp-json\/wp\/v2\/users\/1"}],"replies":[{"embeddable":true,"href":"https:\/\/valituvanlomamokit.fi\/en\/wp-json\/wp\/v2\/comments?post=1353"}],"version-history":[{"count":10,"href":"https:\/\/valituvanlomamokit.fi\/en\/wp-json\/wp\/v2\/pages\/1353\/revisions"}],"predecessor-version":[{"id":2692,"href":"https:\/\/valituvanlomamokit.fi\/en\/wp-json\/wp\/v2\/pages\/1353\/revisions\/2692"}],"wp:featuredmedia":[{"embeddable":true,"href":"https:\/\/valituvanlomamokit.fi\/en\/wp-json\/wp\/v2\/media\/1063"}],"wp:attachment":[{"href":"https:\/\/valituvanlomamokit.fi\/en\/wp-json\/wp\/v2\/media?parent=1353"}],"curies":[{"name":"wp","href":"https:\/\/api.w.org\/{rel}","templated":true}]}}